{"id":973,"date":"2021-06-29T14:00:17","date_gmt":"2021-06-29T18:00:17","guid":{"rendered":"https:\/\/biochemenvironmental.com\/savons\/"},"modified":"2024-09-06T10:16:18","modified_gmt":"2024-09-06T14:16:18","slug":"savons","status":"publish","type":"page","link":"https:\/\/biochemenvironmental.com\/fr\/savons\/","title":{"rendered":"Savons"},"content":{"rendered":"\t\t<div data-elementor-type=\"wp-page\" data-elementor-id=\"973\" class=\"elementor elementor-973 elementor-111\" data-elementor-post-type=\"page\">\n\t\t\t\t\t\t<section class=\"elementor-section elementor-top-section elementor-element elementor-element-9aa7d2a elementor-section-height-min-height elementor-section-boxed elementor-section-height-default elementor-section-items-middle\" data-id=\"9aa7d2a\" data-element_type=\"section\" data-settings=\"{&quot;background_background&quot;:&quot;classic&quot;,&quot;shape_divider_bottom&quot;:&quot;mountains&quot;}\">\n\t\t\t\t\t\t\t<div class=\"elementor-background-overlay\"><\/div>\n\t\t\t\t\t\t<div class=\"elementor-shape elementor-shape-bottom\" data-negative=\"false\">\n\t\t\t<svg xmlns=\"http:\/\/www.w3.org\/2000\/svg\" viewBox=\"0 0 1000 100\" preserveAspectRatio=\"none\">\n\t<path class=\"elementor-shape-fill\" opacity=\"0.33\" d=\"M473,67.3c-203.9,88.3-263.1-34-320.3,0C66,119.1,0,59.7,0,59.7V0h1000v59.7 c0,0-62.1,26.1-94.9,29.3c-32.8,3.3-62.8-12.3-75.8-22.1C806,49.6,745.3,8.7,694.9,4.7S492.4,59,473,67.3z\"\/>\n\t<path class=\"elementor-shape-fill\" opacity=\"0.66\" d=\"M734,67.3c-45.5,0-77.2-23.2-129.1-39.1c-28.6-8.7-150.3-10.1-254,39.1 s-91.7-34.4-149.2,0C115.7,118.3,0,39.8,0,39.8V0h1000v36.5c0,0-28.2-18.5-92.1-18.5C810.2,18.1,775.7,67.3,734,67.3z\"\/>\n\t<path class=\"elementor-shape-fill\" d=\"M766.1,28.9c-200-57.5-266,65.5-395.1,19.5C242,1.8,242,5.4,184.8,20.6C128,35.8,132.3,44.9,89.9,52.5C28.6,63.7,0,0,0,0 h1000c0,0-9.9,40.9-83.6,48.1S829.6,47,766.1,28.9z\"\/>\n<\/svg>\t\t<\/div>\n\t\t\t\t\t<div class=\"elementor-container elementor-column-gap-default\">\n\t\t\t\t\t<div class=\"elementor-column elementor-col-100 elementor-top-column elementor-element elementor-element-905ce2c\" data-id=\"905ce2c\" data-element_type=\"column\">\n\t\t\t<div class=\"elementor-widget-wrap elementor-element-populated\">\n\t\t\t\t\t\t<div class=\"elementor-element elementor-element-bd1f3b6 elementor-widget elementor-widget-heading\" data-id=\"bd1f3b6\" data-element_type=\"widget\" data-widget_type=\"heading.default\">\n\t\t\t\t<div class=\"elementor-widget-container\">\n\t\t\t<h1 class=\"elementor-heading-title elementor-size-default\">Nos savons<\/h1>\t\t<\/div>\n\t\t\t\t<\/div>\n\t\t\t\t<div class=\"elementor-element elementor-element-f98971a elementor-widget elementor-widget-text-editor\" data-id=\"f98971a\" data-element_type=\"widget\" data-widget_type=\"text-editor.default\">\n\t\t\t\t<div class=\"elementor-widget-container\">\n\t\t\t\t\t\t\t<p>D\u00e9couvrez un savon \u00e0 main qui allie luxe et responsabilit\u00e9 environnementale, con\u00e7u pour laisser \u00e0 vos mains une sensation de nourriture et de fra\u00eecheur.<\/p>\n\t\t\t\t\t\t<\/div>\n\t\t\t\t<\/div>\n\t\t\t\t\t<\/div>\n\t\t<\/div>\n\t\t\t\t\t<\/div>\n\t\t<\/section>\n\t\t\t\t<section class=\"elementor-section elementor-top-section elementor-element elementor-element-f3d463d elementor-section-height-min-height elementor-section-boxed elementor-section-height-default elementor-section-items-middle\" data-id=\"f3d463d\" data-element_type=\"section\" data-settings=\"{&quot;background_background&quot;:&quot;classic&quot;}\">\n\t\t\t\t\t\t<div class=\"elementor-container elementor-column-gap-default\">\n\t\t\t\t\t<div class=\"elementor-column elementor-col-100 elementor-top-column elementor-element elementor-element-004cd42\" data-id=\"004cd42\" data-element_type=\"column\">\n\t\t\t<div class=\"elementor-widget-wrap elementor-element-populated\">\n\t\t\t\t\t\t<div class=\"elementor-element elementor-element-26a24da elementor-view-default elementor-widget elementor-widget-icon\" data-id=\"26a24da\" data-element_type=\"widget\" data-widget_type=\"icon.default\">\n\t\t\t\t<div class=\"elementor-widget-container\">\n\t\t\t\t\t<div class=\"elementor-icon-wrapper\">\n\t\t\t<div class=\"elementor-icon\">\n\t\t\t<i aria-hidden=\"true\" class=\"fas fa-soap\"><\/i>\t\t\t<\/div>\n\t\t<\/div>\n\t\t\t\t<\/div>\n\t\t\t\t<\/div>\n\t\t\t\t<div class=\"elementor-element elementor-element-96168b6 elementor-widget elementor-widget-heading\" data-id=\"96168b6\" data-element_type=\"widget\" data-widget_type=\"heading.default\">\n\t\t\t\t<div class=\"elementor-widget-container\">\n\t\t\t<h2 class=\"elementor-heading-title elementor-size-default\">Le produit<\/h2>\t\t<\/div>\n\t\t\t\t<\/div>\n\t\t\t\t<div class=\"elementor-element elementor-element-d48560c elementor-widget elementor-widget-text-editor\" data-id=\"d48560c\" data-element_type=\"widget\" data-widget_type=\"text-editor.default\">\n\t\t\t\t<div class=\"elementor-widget-container\">\n\t\t\t\t\t\t\t<p>Faites plaisir \u00e0 vos mains avec notre collection de savons pour les mains sp\u00e9cialement formul\u00e9s.<br \/>\nChoisissez Gentle Touch pour un nettoyage apaisant, Pearl White pour une hydratation luxueuse ou BioClear pour un lavage respectueux de l&rsquo;environnement.<br \/>\nChaque option garantit que vos mains sont parfum\u00e9es, fra\u00eeches et impeccablement propres.  <\/p>\n\t\t\t\t\t\t<\/div>\n\t\t\t\t<\/div>\n\t\t\t\t\t<\/div>\n\t\t<\/div>\n\t\t\t\t\t<\/div>\n\t\t<\/section>\n\t\t\t\t<section class=\"elementor-section elementor-top-section elementor-element elementor-element-dee2b54 elementor-section-height-min-height elementor-reverse-mobile elementor-section-boxed elementor-section-height-default elementor-section-items-middle\" data-id=\"dee2b54\" data-element_type=\"section\" data-settings=\"{&quot;background_background&quot;:&quot;classic&quot;}\">\n\t\t\t\t\t\t<div class=\"elementor-container elementor-column-gap-default\">\n\t\t\t\t\t<div class=\"elementor-column elementor-col-50 elementor-top-column elementor-element elementor-element-4683792\" data-id=\"4683792\" data-element_type=\"column\">\n\t\t\t<div class=\"elementor-widget-wrap elementor-element-populated\">\n\t\t\t\t\t\t<div class=\"elementor-element elementor-element-c66cccb elementor-widget elementor-widget-image\" data-id=\"c66cccb\" data-element_type=\"widget\" data-widget_type=\"image.default\">\n\t\t\t\t<div class=\"elementor-widget-container\">\n\t\t\t\t\t\t\t\t\t\t\t\t\t<img fetchpriority=\"high\" decoding=\"async\" width=\"835\" height=\"834\" src=\"https:\/\/biochemenvironmental.com\/wp-content\/uploads\/2021\/07\/Newsoap-14.png\" class=\"attachment-large size-large wp-image-853\" alt=\"Savon Bio Clear\" srcset=\"https:\/\/biochemenvironmental.com\/wp-content\/uploads\/2021\/07\/Newsoap-14.png 835w, https:\/\/biochemenvironmental.com\/wp-content\/uploads\/2021\/07\/Newsoap-14-300x300.png 300w, https:\/\/biochemenvironmental.com\/wp-content\/uploads\/2021\/07\/Newsoap-14-150x150.png 150w, https:\/\/biochemenvironmental.com\/wp-content\/uploads\/2021\/07\/Newsoap-14-768x767.png 768w, https:\/\/biochemenvironmental.com\/wp-content\/uploads\/2021\/07\/Newsoap-14-600x600.png 600w\" sizes=\"(max-width: 835px) 100vw, 835px\" \/>\t\t\t\t\t\t\t\t\t\t\t\t\t<\/div>\n\t\t\t\t<\/div>\n\t\t\t\t\t<\/div>\n\t\t<\/div>\n\t\t\t\t<div class=\"elementor-column elementor-col-50 elementor-top-column elementor-element elementor-element-15ac772\" data-id=\"15ac772\" data-element_type=\"column\">\n\t\t\t<div class=\"elementor-widget-wrap elementor-element-populated\">\n\t\t\t\t\t\t<div class=\"elementor-element elementor-element-e99ace7 elementor-widget elementor-widget-heading\" data-id=\"e99ace7\" data-element_type=\"widget\" data-widget_type=\"heading.default\">\n\t\t\t\t<div class=\"elementor-widget-container\">\n\t\t\t<h2 class=\"elementor-heading-title elementor-size-default\">Savon \u00e0 main <b>Gentle Touch<\/b> <\/h2>\t\t<\/div>\n\t\t\t\t<\/div>\n\t\t\t\t<div class=\"elementor-element elementor-element-3eb55f8 elementor-widget elementor-widget-text-editor\" data-id=\"3eb55f8\" data-element_type=\"widget\" data-widget_type=\"text-editor.default\">\n\t\t\t\t<div class=\"elementor-widget-container\">\n\t\t\t\t\t\t\t<p>D\u00e9couvrez la d\u00e9licate efficacit\u00e9 du savon \u00e0 main Gentle Touch, un m\u00e9lange de d\u00e9tergents de qualit\u00e9 cosm\u00e9tique con\u00e7u pour un nettoyage des mains \u00e0 la fois doux et efficace.<br \/>\nParfait pour un usage quotidien, ce savon offre : <\/p>\n\t\t\t\t\t\t<\/div>\n\t\t\t\t<\/div>\n\t\t\t\t<div class=\"elementor-element elementor-element-596e0f1 elementor-widget elementor-widget-text-editor\" data-id=\"596e0f1\" data-element_type=\"widget\" data-widget_type=\"text-editor.default\">\n\t\t\t\t<div class=\"elementor-widget-container\">\n\t\t\t\t\t\t\t<ul>\n<li><strong>Savon \u00e9conomique<\/strong>: \u00c9conomique, id\u00e9al pour les grands volumes.<\/li>\n<li><strong>Id\u00e9al pour les utilisations \u00e0 haut volume<\/strong>: Il r\u00e9pond aux exigences d&rsquo;un environnement tr\u00e8s fr\u00e9quent\u00e9.<\/li>\n<li><strong>Contient un parfum<\/strong>: Laisse un parfum agr\u00e9able et frais sur les mains apr\u00e8s chaque lavage.<\/li>\n<\/ul>\n<p>Choisissez Gentle Touch pour un savon \u00e0 main qui allie praticit\u00e9 et plaisir des sens.<\/p>\n\t\t\t\t\t\t<\/div>\n\t\t\t\t<\/div>\n\t\t\t\t<div class=\"elementor-element elementor-element-aab5a5c elementor-align-left elementor-widget elementor-widget-global elementor-global-927 elementor-global-615 elementor-widget-button\" data-id=\"aab5a5c\" data-element_type=\"widget\" data-widget_type=\"button.default\">\n\t\t\t\t<div class=\"elementor-widget-container\">\n\t\t\t\t\t<div class=\"elementor-button-wrapper\">\n\t\t\t<a class=\"elementor-button elementor-button-link elementor-size-sm\" href=\"https:\/\/biochemenvironmental.com\/fr\/obtenir-un-devis\/\">\n\t\t\t\t\t\t<span class=\"elementor-button-content-wrapper\">\n\t\t\t\t\t\t\t\t\t<span class=\"elementor-button-text\">Commandez maintenant<\/span>\n\t\t\t\t\t<\/span>\n\t\t\t\t\t<\/a>\n\t\t<\/div>\n\t\t\t\t<\/div>\n\t\t\t\t<\/div>\n\t\t\t\t\t<\/div>\n\t\t<\/div>\n\t\t\t\t\t<\/div>\n\t\t<\/section>\n\t\t\t\t<section class=\"elementor-section elementor-top-section elementor-element elementor-element-a5b9e07 elementor-section-height-min-height elementor-reverse-mobile elementor-section-boxed elementor-section-height-default elementor-section-items-middle\" data-id=\"a5b9e07\" data-element_type=\"section\" data-settings=\"{&quot;background_background&quot;:&quot;classic&quot;}\">\n\t\t\t\t\t\t<div class=\"elementor-container elementor-column-gap-default\">\n\t\t\t\t\t<div class=\"elementor-column elementor-col-50 elementor-top-column elementor-element elementor-element-980de5d\" data-id=\"980de5d\" data-element_type=\"column\">\n\t\t\t<div class=\"elementor-widget-wrap elementor-element-populated\">\n\t\t\t\t\t\t<div class=\"elementor-element elementor-element-a85fb72 elementor-widget elementor-widget-image\" data-id=\"a85fb72\" data-element_type=\"widget\" data-widget_type=\"image.default\">\n\t\t\t\t<div class=\"elementor-widget-container\">\n\t\t\t\t\t\t\t\t\t\t\t\t\t<img decoding=\"async\" width=\"834\" height=\"834\" src=\"https:\/\/biochemenvironmental.com\/wp-content\/uploads\/2021\/07\/SOAPS1-01.png\" class=\"attachment-large size-large wp-image-854\" alt=\"Savon Bio Clear\" srcset=\"https:\/\/biochemenvironmental.com\/wp-content\/uploads\/2021\/07\/SOAPS1-01.png 834w, https:\/\/biochemenvironmental.com\/wp-content\/uploads\/2021\/07\/SOAPS1-01-300x300.png 300w, https:\/\/biochemenvironmental.com\/wp-content\/uploads\/2021\/07\/SOAPS1-01-150x150.png 150w, https:\/\/biochemenvironmental.com\/wp-content\/uploads\/2021\/07\/SOAPS1-01-768x768.png 768w, https:\/\/biochemenvironmental.com\/wp-content\/uploads\/2021\/07\/SOAPS1-01-600x600.png 600w\" sizes=\"(max-width: 834px) 100vw, 834px\" \/>\t\t\t\t\t\t\t\t\t\t\t\t\t<\/div>\n\t\t\t\t<\/div>\n\t\t\t\t\t<\/div>\n\t\t<\/div>\n\t\t\t\t<div class=\"elementor-column elementor-col-50 elementor-top-column elementor-element elementor-element-432fbee\" data-id=\"432fbee\" data-element_type=\"column\">\n\t\t\t<div class=\"elementor-widget-wrap elementor-element-populated\">\n\t\t\t\t\t\t<div class=\"elementor-element elementor-element-bbe88aa elementor-widget elementor-widget-heading\" data-id=\"bbe88aa\" data-element_type=\"widget\" data-widget_type=\"heading.default\">\n\t\t\t\t<div class=\"elementor-widget-container\">\n\t\t\t<h2 class=\"elementor-heading-title elementor-size-default\">Savon \u00e0 main <b>blanc perl\u00e9<\/b> <\/h2>\t\t<\/div>\n\t\t\t\t<\/div>\n\t\t\t\t<div class=\"elementor-element elementor-element-6804592 elementor-widget elementor-widget-text-editor\" data-id=\"6804592\" data-element_type=\"widget\" data-widget_type=\"text-editor.default\">\n\t\t\t\t<div class=\"elementor-widget-container\">\n\t\t\t\t\t\t\t<p>Offrez \u00e0 vos mains le toucher apaisant du savon \u00e0 main Pearl White, fabriqu\u00e9 avec des d\u00e9tergents de qualit\u00e9 sup\u00e9rieure pour un nettoyage efficace et doux \u00e0 la fois.<br \/>\nCe savon luxueux offre : <\/p>\n\t\t\t\t\t\t<\/div>\n\t\t\t\t<\/div>\n\t\t\t\t<div class=\"elementor-element elementor-element-1d018d9 elementor-widget elementor-widget-text-editor\" data-id=\"1d018d9\" data-element_type=\"widget\" data-widget_type=\"text-editor.default\">\n\t\t\t\t<div class=\"elementor-widget-container\">\n\t\t\t\t\t\t\t<ul>\n<li><strong>Savon de luxe<\/strong>: Transformez le lavage de routine des mains en une exp\u00e9rience haut de gamme.<\/li>\n<li><strong>Tr\u00e8s doux<\/strong>: Con\u00e7ue pour nettoyer sans dess\u00e9cher, elle pr\u00e9serve l&rsquo;hydratation naturelle de la peau.<\/li>\n<li><strong>Composants hydratants<\/strong>: Laisse les mains douces, rajeunies et nourries.<\/li>\n<li><strong>Parfum agr\u00e9able<\/strong>: Offre un parfum subtil et agr\u00e9able qui rehausse l&rsquo;exp\u00e9rience de lavage.<\/li>\n<\/ul>\n<p>Pearl White est le choix id\u00e9al pour un lavage des mains hydratant, doux et magnifiquement parfum\u00e9.<\/p>\n\t\t\t\t\t\t<\/div>\n\t\t\t\t<\/div>\n\t\t\t\t<div class=\"elementor-element elementor-element-6a5c255 elementor-align-left elementor-widget elementor-widget-global elementor-global-927 elementor-global-615 elementor-widget-button\" data-id=\"6a5c255\" data-element_type=\"widget\" data-widget_type=\"button.default\">\n\t\t\t\t<div class=\"elementor-widget-container\">\n\t\t\t\t\t<div class=\"elementor-button-wrapper\">\n\t\t\t<a class=\"elementor-button elementor-button-link elementor-size-sm\" href=\"https:\/\/biochemenvironmental.com\/fr\/obtenir-un-devis\/\">\n\t\t\t\t\t\t<span class=\"elementor-button-content-wrapper\">\n\t\t\t\t\t\t\t\t\t<span class=\"elementor-button-text\">Commandez maintenant<\/span>\n\t\t\t\t\t<\/span>\n\t\t\t\t\t<\/a>\n\t\t<\/div>\n\t\t\t\t<\/div>\n\t\t\t\t<\/div>\n\t\t\t\t\t<\/div>\n\t\t<\/div>\n\t\t\t\t\t<\/div>\n\t\t<\/section>\n\t\t\t\t<section class=\"elementor-section elementor-top-section elementor-element elementor-element-65ed7ce elementor-section-height-min-height elementor-reverse-mobile elementor-section-boxed elementor-section-height-default elementor-section-items-middle\" data-id=\"65ed7ce\" data-element_type=\"section\" data-settings=\"{&quot;background_background&quot;:&quot;classic&quot;}\">\n\t\t\t\t\t\t<div class=\"elementor-container elementor-column-gap-default\">\n\t\t\t\t\t<div class=\"elementor-column elementor-col-50 elementor-top-column elementor-element elementor-element-651a33c\" data-id=\"651a33c\" data-element_type=\"column\">\n\t\t\t<div class=\"elementor-widget-wrap elementor-element-populated\">\n\t\t\t\t\t\t<div class=\"elementor-element elementor-element-1f7897d elementor-arrows-position-inside elementor-pagination-position-outside elementor-widget elementor-widget-image-carousel\" data-id=\"1f7897d\" data-element_type=\"widget\" data-settings=\"{&quot;slides_to_show&quot;:&quot;1&quot;,&quot;navigation&quot;:&quot;both&quot;,&quot;autoplay&quot;:&quot;yes&quot;,&quot;pause_on_hover&quot;:&quot;yes&quot;,&quot;pause_on_interaction&quot;:&quot;yes&quot;,&quot;autoplay_speed&quot;:5000,&quot;infinite&quot;:&quot;yes&quot;,&quot;effect&quot;:&quot;slide&quot;,&quot;speed&quot;:500}\" data-widget_type=\"image-carousel.default\">\n\t\t\t\t<div class=\"elementor-widget-container\">\n\t\t\t\t\t<div class=\"elementor-image-carousel-wrapper swiper\" dir=\"ltr\">\n\t\t\t<div class=\"elementor-image-carousel swiper-wrapper\" aria-live=\"off\">\n\t\t\t\t\t\t\t\t<div class=\"swiper-slide\" role=\"group\" aria-roledescription=\"slide\" aria-label=\"1 sur 2\"><figure class=\"swiper-slide-inner\"><img decoding=\"async\" class=\"swiper-slide-image\" src=\"https:\/\/biochemenvironmental.com\/wp-content\/uploads\/2021\/07\/FOAMSOAP1-01.png\" alt=\"Le plaisir de la benne \u00e0 ordures\" \/><\/figure><\/div><div class=\"swiper-slide\" role=\"group\" aria-roledescription=\"slide\" aria-label=\"2 sur 2\"><figure class=\"swiper-slide-inner\"><img decoding=\"async\" class=\"swiper-slide-image\" src=\"https:\/\/biochemenvironmental.com\/wp-content\/uploads\/2021\/07\/FOAMSOAP-09.png\" alt=\"Biochem Bioclear Soap\" \/><\/figure><\/div>\t\t\t<\/div>\n\t\t\t\t\t\t\t\t\t\t\t\t<div class=\"elementor-swiper-button elementor-swiper-button-prev\" role=\"button\" tabindex=\"0\">\n\t\t\t\t\t\t<i aria-hidden=\"true\" class=\"eicon-chevron-left\"><\/i>\t\t\t\t\t<\/div>\n\t\t\t\t\t<div class=\"elementor-swiper-button elementor-swiper-button-next\" role=\"button\" tabindex=\"0\">\n\t\t\t\t\t\t<i aria-hidden=\"true\" class=\"eicon-chevron-right\"><\/i>\t\t\t\t\t<\/div>\n\t\t\t\t\n\t\t\t\t\t\t\t\t\t<div class=\"swiper-pagination\"><\/div>\n\t\t\t\t\t\t\t\t\t<\/div>\n\t\t\t\t<\/div>\n\t\t\t\t<\/div>\n\t\t\t\t\t<\/div>\n\t\t<\/div>\n\t\t\t\t<div class=\"elementor-column elementor-col-50 elementor-top-column elementor-element elementor-element-d31084a\" data-id=\"d31084a\" data-element_type=\"column\">\n\t\t\t<div class=\"elementor-widget-wrap elementor-element-populated\">\n\t\t\t\t\t\t<div class=\"elementor-element elementor-element-9a68595 elementor-widget elementor-widget-heading\" data-id=\"9a68595\" data-element_type=\"widget\" data-widget_type=\"heading.default\">\n\t\t\t\t<div class=\"elementor-widget-container\">\n\t\t\t<h2 class=\"elementor-heading-title elementor-size-default\">Savon <b>BioClear<\/b> <\/h2>\t\t<\/div>\n\t\t\t\t<\/div>\n\t\t\t\t<div class=\"elementor-element elementor-element-21e8dad elementor-widget elementor-widget-text-editor\" data-id=\"21e8dad\" data-element_type=\"widget\" data-widget_type=\"text-editor.default\">\n\t\t\t\t<div class=\"elementor-widget-container\">\n\t\t\t\t\t\t\t<p>Choisissez le savon BioClear pour vos besoins de nettoyage respectueux de l&rsquo;environnement.<br \/>\nFormul\u00e9 dans le respect de l&rsquo;environnement, ce savon est l&rsquo;option la moins polluante et est disponible dans un format mousse pratique.<br \/>\nIl offre :  <\/p>\n\t\t\t\t\t\t<\/div>\n\t\t\t\t<\/div>\n\t\t\t\t<div class=\"elementor-element elementor-element-50baf3d elementor-widget elementor-widget-text-editor\" data-id=\"50baf3d\" data-element_type=\"widget\" data-widget_type=\"text-editor.default\">\n\t\t\t\t<div class=\"elementor-widget-container\">\n\t\t\t\t\t\t\t<ul>\n<li><strong>Conforme aux normes \u00e9cologiques<\/strong>: R\u00e9pond \u00e0 des normes environnementales strictes.<\/li>\n<li><strong>Sans parfum, sans couleur<\/strong>: Con\u00e7u pour la puret\u00e9, parfait pour les utilisateurs et les environnements sensibles.<\/li>\n<li><strong>L&rsquo;option parfaite pour une installation \u00ab\u00a0verte\u00a0\u00bb<\/strong>: Favorise les pratiques durables avec une efficacit\u00e9 de nettoyage sans compromis.<\/li>\n<\/ul>\n<p>BioClear est le choix id\u00e9al pour les \u00e9tablissements qui privil\u00e9gient la responsabilit\u00e9 environnementale dans leurs solutions d&rsquo;hygi\u00e8ne.<\/p>\n\t\t\t\t\t\t<\/div>\n\t\t\t\t<\/div>\n\t\t\t\t<div class=\"elementor-element elementor-element-63e218e elementor-align-left elementor-widget elementor-widget-global elementor-global-927 elementor-global-615 elementor-widget-button\" data-id=\"63e218e\" data-element_type=\"widget\" data-widget_type=\"button.default\">\n\t\t\t\t<div class=\"elementor-widget-container\">\n\t\t\t\t\t<div class=\"elementor-button-wrapper\">\n\t\t\t<a class=\"elementor-button elementor-button-link elementor-size-sm\" href=\"https:\/\/biochemenvironmental.com\/fr\/obtenir-un-devis\/\">\n\t\t\t\t\t\t<span class=\"elementor-button-content-wrapper\">\n\t\t\t\t\t\t\t\t\t<span class=\"elementor-button-text\">Commandez maintenant<\/span>\n\t\t\t\t\t<\/span>\n\t\t\t\t\t<\/a>\n\t\t<\/div>\n\t\t\t\t<\/div>\n\t\t\t\t<\/div>\n\t\t\t\t\t<\/div>\n\t\t<\/div>\n\t\t\t\t\t<\/div>\n\t\t<\/section>\n\t\t\t\t<\/div>\n\t\t","protected":false},"excerpt":{"rendered":"<p>Offrez \u00e0 vos mains une exp\u00e9rience de premier ordre avec notre vari\u00e9t\u00e9 de savons pour les mains ! Nous avons les savons pour les mains Gentle Touch, Pearl White et Bioclear pour vous aider \u00e0 garder vos mains fra\u00eeches et propres.<\/p>\n","protected":false},"author":3,"featured_media":803,"parent":0,"menu_order":0,"comment_status":"closed","ping_status":"closed","template":"elementor_header_footer","meta":{"om_disable_all_campaigns":false,"_genesis_block_theme_hide_title":false,"footnotes":""},"class_list":["post-973","page","type-page","status-publish","has-post-thumbnail","hentry","post","with-featured-image"],"aioseo_notices":[],"featured_image_src":"https:\/\/biochemenvironmental.com\/wp-content\/uploads\/2021\/07\/bubbles-dark-water-600x400.jpg","featured_image_src_square":"https:\/\/biochemenvironmental.com\/wp-content\/uploads\/2021\/07\/bubbles-dark-water-600x600.jpg","_links":{"self":[{"href":"https:\/\/biochemenvironmental.com\/fr\/wp-json\/wp\/v2\/pages\/973","targetHints":{"allow":["GET"]}}],"collection":[{"href":"https:\/\/biochemenvironmental.com\/fr\/wp-json\/wp\/v2\/pages"}],"about":[{"href":"https:\/\/biochemenvironmental.com\/fr\/wp-json\/wp\/v2\/types\/page"}],"author":[{"embeddable":true,"href":"https:\/\/biochemenvironmental.com\/fr\/wp-json\/wp\/v2\/users\/3"}],"replies":[{"embeddable":true,"href":"https:\/\/biochemenvironmental.com\/fr\/wp-json\/wp\/v2\/comments?post=973"}],"version-history":[{"count":0,"href":"https:\/\/biochemenvironmental.com\/fr\/wp-json\/wp\/v2\/pages\/973\/revisions"}],"wp:featuredmedia":[{"embeddable":true,"href":"https:\/\/biochemenvironmental.com\/fr\/wp-json\/wp\/v2\/media\/803"}],"wp:attachment":[{"href":"https:\/\/biochemenvironmental.com\/fr\/wp-json\/wp\/v2\/media?parent=973"}],"curies":[{"name":"wp","href":"https:\/\/api.w.org\/{rel}","templated":true}]}}