{"id":971,"date":"2021-06-30T04:14:41","date_gmt":"2021-06-30T08:14:41","guid":{"rendered":"https:\/\/biochemenvironmental.com\/services-dassainissement\/"},"modified":"2024-10-03T12:59:23","modified_gmt":"2024-10-03T16:59:23","slug":"services-dassainissement","status":"publish","type":"page","link":"https:\/\/biochemenvironmental.com\/fr\/services-dassainissement\/","title":{"rendered":"Services d&rsquo;assainissement"},"content":{"rendered":"\t\t<div data-elementor-type=\"wp-page\" data-elementor-id=\"971\" class=\"elementor elementor-971 elementor-155\" data-elementor-post-type=\"page\">\n\t\t\t\t\t\t<section class=\"elementor-section elementor-top-section elementor-element elementor-element-f1a194a elementor-section-height-min-height elementor-section-boxed elementor-section-height-default elementor-section-items-middle\" data-id=\"f1a194a\" data-element_type=\"section\" data-settings=\"{&quot;background_background&quot;:&quot;classic&quot;,&quot;shape_divider_bottom&quot;:&quot;mountains&quot;}\">\n\t\t\t\t\t\t\t<div class=\"elementor-background-overlay\"><\/div>\n\t\t\t\t\t\t<div class=\"elementor-shape elementor-shape-bottom\" data-negative=\"false\">\n\t\t\t<svg xmlns=\"http:\/\/www.w3.org\/2000\/svg\" viewBox=\"0 0 1000 100\" preserveAspectRatio=\"none\">\n\t<path class=\"elementor-shape-fill\" opacity=\"0.33\" d=\"M473,67.3c-203.9,88.3-263.1-34-320.3,0C66,119.1,0,59.7,0,59.7V0h1000v59.7 c0,0-62.1,26.1-94.9,29.3c-32.8,3.3-62.8-12.3-75.8-22.1C806,49.6,745.3,8.7,694.9,4.7S492.4,59,473,67.3z\"\/>\n\t<path class=\"elementor-shape-fill\" opacity=\"0.66\" d=\"M734,67.3c-45.5,0-77.2-23.2-129.1-39.1c-28.6-8.7-150.3-10.1-254,39.1 s-91.7-34.4-149.2,0C115.7,118.3,0,39.8,0,39.8V0h1000v36.5c0,0-28.2-18.5-92.1-18.5C810.2,18.1,775.7,67.3,734,67.3z\"\/>\n\t<path class=\"elementor-shape-fill\" d=\"M766.1,28.9c-200-57.5-266,65.5-395.1,19.5C242,1.8,242,5.4,184.8,20.6C128,35.8,132.3,44.9,89.9,52.5C28.6,63.7,0,0,0,0 h1000c0,0-9.9,40.9-83.6,48.1S829.6,47,766.1,28.9z\"\/>\n<\/svg>\t\t<\/div>\n\t\t\t\t\t<div class=\"elementor-container elementor-column-gap-default\">\n\t\t\t\t\t<div class=\"elementor-column elementor-col-100 elementor-top-column elementor-element elementor-element-572c605\" data-id=\"572c605\" data-element_type=\"column\">\n\t\t\t<div class=\"elementor-widget-wrap elementor-element-populated\">\n\t\t\t\t\t\t<div class=\"elementor-element elementor-element-a14ca00 elementor-widget elementor-widget-heading\" data-id=\"a14ca00\" data-element_type=\"widget\" data-widget_type=\"heading.default\">\n\t\t\t\t<div class=\"elementor-widget-container\">\n\t\t\t<h1 class=\"elementor-heading-title elementor-size-default\">Services d'assainissement<\/h1>\t\t<\/div>\n\t\t\t\t<\/div>\n\t\t\t\t<div class=\"elementor-element elementor-element-8f9be6f elementor-widget elementor-widget-text-editor\" data-id=\"8f9be6f\" data-element_type=\"widget\" data-widget_type=\"text-editor.default\">\n\t\t\t\t<div class=\"elementor-widget-container\">\n\t\t\t\t\t\t\t<p>Notre service d&rsquo;assainissement offre une d\u00e9sinfection rapide et facile de votre espace, garantissant une approche compl\u00e8te de la pr\u00e9paration \u00e0 la pand\u00e9mie.<br \/>\nNous vous apportons la tranquillit\u00e9 d&rsquo;esprit en garantissant que vos locaux sont exempts de virus et de bact\u00e9ries nuisibles. <\/p>\n\t\t\t\t\t\t<\/div>\n\t\t\t\t<\/div>\n\t\t\t\t\t<\/div>\n\t\t<\/div>\n\t\t\t\t\t<\/div>\n\t\t<\/section>\n\t\t\t\t<section class=\"elementor-section elementor-top-section elementor-element elementor-element-4b72eda elementor-section-height-min-height elementor-section-boxed elementor-section-height-default elementor-section-items-middle\" data-id=\"4b72eda\" data-element_type=\"section\" data-settings=\"{&quot;background_background&quot;:&quot;classic&quot;}\">\n\t\t\t\t\t\t<div class=\"elementor-container elementor-column-gap-default\">\n\t\t\t\t\t<div class=\"elementor-column elementor-col-100 elementor-top-column elementor-element elementor-element-e471777\" data-id=\"e471777\" data-element_type=\"column\">\n\t\t\t<div class=\"elementor-widget-wrap elementor-element-populated\">\n\t\t\t\t\t\t<div class=\"elementor-element elementor-element-788a4ba elementor-view-default elementor-widget elementor-widget-icon\" data-id=\"788a4ba\" data-element_type=\"widget\" data-widget_type=\"icon.default\">\n\t\t\t\t<div class=\"elementor-widget-container\">\n\t\t\t\t\t<div class=\"elementor-icon-wrapper\">\n\t\t\t<div class=\"elementor-icon\">\n\t\t\t<i aria-hidden=\"true\" class=\"fas fa-spray-can\"><\/i>\t\t\t<\/div>\n\t\t<\/div>\n\t\t\t\t<\/div>\n\t\t\t\t<\/div>\n\t\t\t\t<div class=\"elementor-element elementor-element-ce45fca elementor-widget elementor-widget-heading\" data-id=\"ce45fca\" data-element_type=\"widget\" data-widget_type=\"heading.default\">\n\t\t\t\t<div class=\"elementor-widget-container\">\n\t\t\t<h2 class=\"elementor-heading-title elementor-size-default\">Votre solution de d\u00e9sinfection<\/h2>\t\t<\/div>\n\t\t\t\t<\/div>\n\t\t\t\t<div class=\"elementor-element elementor-element-fc80cc9 elementor-widget elementor-widget-text-editor\" data-id=\"fc80cc9\" data-element_type=\"widget\" data-widget_type=\"text-editor.default\">\n\t\t\t\t<div class=\"elementor-widget-container\">\n\t\t\t\t\t\t\t<p>Assurez un environnement plus s\u00fbr gr\u00e2ce aux services professionnels d&rsquo;assainissement de Biochem. Nos experts certifi\u00e9s sont form\u00e9s \u00e0 l&rsquo;\u00e9limination des virus et bact\u00e9ries nocifs, ce qui garantit la tranquillit\u00e9 d&rsquo;esprit et la propret\u00e9 de l&rsquo;espace pour tous vos invit\u00e9s. <strong><a href=\"https:\/\/biochemenvironmental.com\/fr\/desinfectant-pour-les-mains\/\">Notre gamme de d\u00e9sinfectants pour les mains a \u00e9t\u00e9 con\u00e7ue pour r\u00e9pondre \u00e0 tous les besoins en mati\u00e8re de d\u00e9sinfection<\/a><\/strong>Notre gamme de d\u00e9sinfectants pour les mains a \u00e9t\u00e9 con\u00e7ue pour r\u00e9pondre \u00e0 tous les besoins en mati\u00e8re de d\u00e9sinfection, en offrant une protection et une s\u00e9curit\u00e9 sans compromis.<\/p>\n\t\t\t\t\t\t<\/div>\n\t\t\t\t<\/div>\n\t\t\t\t\t<\/div>\n\t\t<\/div>\n\t\t\t\t\t<\/div>\n\t\t<\/section>\n\t\t\t\t<section class=\"elementor-section elementor-top-section elementor-element elementor-element-ff90d53 elementor-section-height-min-height elementor-reverse-mobile elementor-section-boxed elementor-section-height-default elementor-section-items-middle\" data-id=\"ff90d53\" data-element_type=\"section\" data-settings=\"{&quot;background_background&quot;:&quot;classic&quot;}\">\n\t\t\t\t\t\t<div class=\"elementor-container elementor-column-gap-default\">\n\t\t\t\t\t<div class=\"elementor-column elementor-col-50 elementor-top-column elementor-element elementor-element-d9b0b79\" data-id=\"d9b0b79\" data-element_type=\"column\">\n\t\t\t<div class=\"elementor-widget-wrap elementor-element-populated\">\n\t\t\t\t\t\t<div class=\"elementor-element elementor-element-b5a3012 elementor-widget elementor-widget-image\" data-id=\"b5a3012\" data-element_type=\"widget\" data-widget_type=\"image.default\">\n\t\t\t\t<div class=\"elementor-widget-container\">\n\t\t\t\t\t\t\t\t\t\t\t\t\t<img fetchpriority=\"high\" decoding=\"async\" width=\"835\" height=\"834\" src=\"https:\/\/biochemenvironmental.com\/wp-content\/uploads\/2021\/08\/sanitizingservice-03.png\" class=\"attachment-large size-large wp-image-879\" alt=\"Service d&#039;assainissement\" srcset=\"https:\/\/biochemenvironmental.com\/wp-content\/uploads\/2021\/08\/sanitizingservice-03.png 835w, https:\/\/biochemenvironmental.com\/wp-content\/uploads\/2021\/08\/sanitizingservice-03-300x300.png 300w, https:\/\/biochemenvironmental.com\/wp-content\/uploads\/2021\/08\/sanitizingservice-03-150x150.png 150w, https:\/\/biochemenvironmental.com\/wp-content\/uploads\/2021\/08\/sanitizingservice-03-768x767.png 768w, https:\/\/biochemenvironmental.com\/wp-content\/uploads\/2021\/08\/sanitizingservice-03-600x600.png 600w\" sizes=\"(max-width: 835px) 100vw, 835px\" \/>\t\t\t\t\t\t\t\t\t\t\t\t\t<\/div>\n\t\t\t\t<\/div>\n\t\t\t\t\t<\/div>\n\t\t<\/div>\n\t\t\t\t<div class=\"elementor-column elementor-col-50 elementor-top-column elementor-element elementor-element-84b1ff0\" data-id=\"84b1ff0\" data-element_type=\"column\">\n\t\t\t<div class=\"elementor-widget-wrap elementor-element-populated\">\n\t\t\t\t\t\t<div class=\"elementor-element elementor-element-a6bb891 elementor-widget elementor-widget-heading\" data-id=\"a6bb891\" data-element_type=\"widget\" data-widget_type=\"heading.default\">\n\t\t\t\t<div class=\"elementor-widget-container\">\n\t\t\t<h2 class=\"elementor-heading-title elementor-size-default\">La <b> diff\u00e9rence <\/b> biochem <\/h2>\t\t<\/div>\n\t\t\t\t<\/div>\n\t\t\t\t<div class=\"elementor-element elementor-element-0a0ae6f elementor-widget-divider--view-line elementor-widget elementor-widget-divider\" data-id=\"0a0ae6f\" data-element_type=\"widget\" data-widget_type=\"divider.default\">\n\t\t\t\t<div class=\"elementor-widget-container\">\n\t\t\t\t\t<div class=\"elementor-divider\">\n\t\t\t<span class=\"elementor-divider-separator\">\n\t\t\t\t\t\t<\/span>\n\t\t<\/div>\n\t\t\t\t<\/div>\n\t\t\t\t<\/div>\n\t\t\t\t<div class=\"elementor-element elementor-element-fd74c09 elementor-widget elementor-widget-text-editor\" data-id=\"fd74c09\" data-element_type=\"widget\" data-widget_type=\"text-editor.default\">\n\t\t\t\t<div class=\"elementor-widget-container\">\n\t\t\t\t\t\t\t<p>Au <strong><a href=\"https:\/\/biochemenvironmental.com\/fr\/\">Biochem<\/a><\/strong>nous ne nous contentons pas de nettoyer, nous red\u00e9finissons la propret\u00e9 gr\u00e2ce \u00e0 nos services et solutions d&rsquo;assainissement avanc\u00e9s. <strong><a href=\"https:\/\/biochemenvironmental.com\/fr\/nos-services\/\">Nos services<\/a><\/strong> sont m\u00e9ticuleusement con\u00e7us pour laisser vos surfaces impeccables et s\u00fbres, sans r\u00e9sidus nocifs. Nous reconnaissons l&rsquo;importance cruciale d&rsquo;un environnement st\u00e9rile, c&rsquo;est pourquoi nous nous sommes engag\u00e9s \u00e0 fournir des services d&rsquo;assainissement de premier ordre qui pr\u00e9parent parfaitement votre espace pour la client\u00e8le et le personnel.<\/p>\n\t\t\t\t\t\t<\/div>\n\t\t\t\t<\/div>\n\t\t\t\t<div class=\"elementor-element elementor-element-79a27d8 elementor-widget elementor-widget-text-editor\" data-id=\"79a27d8\" data-element_type=\"widget\" data-widget_type=\"text-editor.default\">\n\t\t\t\t<div class=\"elementor-widget-container\">\n\t\t\t\t\t\t\t<ul>\n<li><strong>Propret\u00e9 sans r\u00e9sidus<\/strong>: Notre approche sophistiqu\u00e9e garantit qu&rsquo;apr\u00e8s l&rsquo;assainissement, vos surfaces restent impeccables et sans r\u00e9sidus, ce qui favorise un environnement plus sain.<\/li>\n<li>Des <strong>pratiques respectueuses de l&rsquo;environnement<\/strong>: Engag\u00e9s dans le d\u00e9veloppement durable, nous proposons des options \u00e9cologiques qui r\u00e9duisent consid\u00e9rablement l&rsquo;impact sur l&rsquo;environnement sans compromettre l&rsquo;efficacit\u00e9.<\/li>\n<li><strong>Pr\u00eat pour les affaires<\/strong>: Chaque traitement garantit que votre espace n&rsquo;est pas seulement nettoy\u00e9, mais qu&rsquo;il est dans un \u00e9tat optimal pour accueillir les visiteurs et les employ\u00e9s, garantissant ainsi la tranquillit\u00e9 d&rsquo;esprit de toutes les personnes concern\u00e9es.<\/li>\n<\/ul>\n<p>Choisissez Biochem pour un environnement visiblement plus propre et plus s\u00fbr qui \u00e9tablit de nouvelles normes dans l&rsquo;industrie. D\u00e9couvrez la diff\u00e9rence entre une qualit\u00e9 sup\u00e9rieure et un service consciencieux.<\/p>\n\t\t\t\t\t\t<\/div>\n\t\t\t\t<\/div>\n\t\t\t\t\t<\/div>\n\t\t<\/div>\n\t\t\t\t\t<\/div>\n\t\t<\/section>\n\t\t\t\t<section class=\"elementor-section elementor-top-section elementor-element elementor-element-441fad4 elementor-section-height-min-height elementor-section-boxed elementor-section-height-default elementor-section-items-middle\" data-id=\"441fad4\" data-element_type=\"section\" data-settings=\"{&quot;background_background&quot;:&quot;classic&quot;}\">\n\t\t\t\t\t\t\t<div class=\"elementor-background-overlay\"><\/div>\n\t\t\t\t\t\t\t<div class=\"elementor-container elementor-column-gap-default\">\n\t\t\t\t\t<div class=\"elementor-column elementor-col-100 elementor-top-column elementor-element elementor-element-515b379\" data-id=\"515b379\" data-element_type=\"column\">\n\t\t\t<div class=\"elementor-widget-wrap elementor-element-populated\">\n\t\t\t\t\t\t<div class=\"elementor-element elementor-element-ec0cb9f elementor-widget elementor-widget-heading\" data-id=\"ec0cb9f\" data-element_type=\"widget\" data-widget_type=\"heading.default\">\n\t\t\t\t<div class=\"elementor-widget-container\">\n\t\t\t<h3 class=\"elementor-heading-title elementor-size-default\">Satisfaction garantie<\/h3>\t\t<\/div>\n\t\t\t\t<\/div>\n\t\t\t\t<div class=\"elementor-element elementor-element-9d974e4 elementor-widget elementor-widget-text-editor\" data-id=\"9d974e4\" data-element_type=\"widget\" data-widget_type=\"text-editor.default\">\n\t\t\t\t<div class=\"elementor-widget-container\">\n\t\t\t\t\t\t\t<p>Biochem promet une satisfaction garantie, en tout temps.<\/p>\n\t\t\t\t\t\t<\/div>\n\t\t\t\t<\/div>\n\t\t\t\t<div class=\"elementor-element elementor-element-99cf07d elementor-align-center elementor-widget elementor-widget-button\" data-id=\"99cf07d\" data-element_type=\"widget\" data-widget_type=\"button.default\">\n\t\t\t\t<div class=\"elementor-widget-container\">\n\t\t\t\t\t<div class=\"elementor-button-wrapper\">\n\t\t\t<a class=\"elementor-button elementor-button-link elementor-size-sm\" href=\"https:\/\/biochemenvironmental.com\/fr\/obtenir-un-devis\/\">\n\t\t\t\t\t\t<span class=\"elementor-button-content-wrapper\">\n\t\t\t\t\t\t\t\t\t<span class=\"elementor-button-text\">Obtenir un devis<\/span>\n\t\t\t\t\t<\/span>\n\t\t\t\t\t<\/a>\n\t\t<\/div>\n\t\t\t\t<\/div>\n\t\t\t\t<\/div>\n\t\t\t\t\t<\/div>\n\t\t<\/div>\n\t\t\t\t\t<\/div>\n\t\t<\/section>\n\t\t\t\t<\/div>\n\t\t","protected":false},"excerpt":{"rendered":"<p>Nos services d&rsquo;assainissement permettent une d\u00e9sinfection rapide et facile de votre espace. Nous proposons une approche compl\u00e8te de la pr\u00e9paration \u00e0 la pand\u00e9mie. Nous pouvons vous apporter la tranquillit\u00e9 d&rsquo;esprit en veillant \u00e0 ce que vos installations soient exemptes de virus et de bact\u00e9ries nuisibles.<\/p>\n","protected":false},"author":3,"featured_media":911,"parent":0,"menu_order":0,"comment_status":"closed","ping_status":"closed","template":"elementor_header_footer","meta":{"om_disable_all_campaigns":false,"_genesis_block_theme_hide_title":false,"footnotes":""},"class_list":["post-971","page","type-page","status-publish","has-post-thumbnail","hentry","post","with-featured-image"],"aioseo_notices":[],"featured_image_src":"https:\/\/biochemenvironmental.com\/wp-content\/uploads\/2021\/10\/Untitled-design-17-600x400.png","featured_image_src_square":"https:\/\/biochemenvironmental.com\/wp-content\/uploads\/2021\/10\/Untitled-design-17-600x600.png","_links":{"self":[{"href":"https:\/\/biochemenvironmental.com\/fr\/wp-json\/wp\/v2\/pages\/971","targetHints":{"allow":["GET"]}}],"collection":[{"href":"https:\/\/biochemenvironmental.com\/fr\/wp-json\/wp\/v2\/pages"}],"about":[{"href":"https:\/\/biochemenvironmental.com\/fr\/wp-json\/wp\/v2\/types\/page"}],"author":[{"embeddable":true,"href":"https:\/\/biochemenvironmental.com\/fr\/wp-json\/wp\/v2\/users\/3"}],"replies":[{"embeddable":true,"href":"https:\/\/biochemenvironmental.com\/fr\/wp-json\/wp\/v2\/comments?post=971"}],"version-history":[{"count":0,"href":"https:\/\/biochemenvironmental.com\/fr\/wp-json\/wp\/v2\/pages\/971\/revisions"}],"wp:featuredmedia":[{"embeddable":true,"href":"https:\/\/biochemenvironmental.com\/fr\/wp-json\/wp\/v2\/media\/911"}],"wp:attachment":[{"href":"https:\/\/biochemenvironmental.com\/fr\/wp-json\/wp\/v2\/media?parent=971"}],"curies":[{"name":"wp","href":"https:\/\/api.w.org\/{rel}","templated":true}]}}