{"id":960,"date":"2021-06-29T14:09:42","date_gmt":"2021-06-29T18:09:42","guid":{"rendered":"https:\/\/biochemenvironmental.com\/distributeur-de-serviettes-feminines\/"},"modified":"2024-09-06T01:54:53","modified_gmt":"2024-09-06T05:54:53","slug":"distributeur-de-serviettes-feminines","status":"publish","type":"page","link":"https:\/\/biochemenvironmental.com\/fr\/distributeur-de-serviettes-feminines\/","title":{"rendered":"Distributeur de serviettes f\u00e9minines"},"content":{"rendered":"\t\t<div data-elementor-type=\"wp-page\" data-elementor-id=\"960\" class=\"elementor elementor-960 elementor-117\" data-elementor-post-type=\"page\">\n\t\t\t\t\t\t<section class=\"elementor-section elementor-top-section elementor-element elementor-element-d74faa9 elementor-section-height-min-height elementor-section-boxed elementor-section-height-default elementor-section-items-middle\" data-id=\"d74faa9\" data-element_type=\"section\" data-settings=\"{&quot;background_background&quot;:&quot;classic&quot;,&quot;shape_divider_bottom&quot;:&quot;mountains&quot;}\">\n\t\t\t\t\t\t\t<div class=\"elementor-background-overlay\"><\/div>\n\t\t\t\t\t\t<div class=\"elementor-shape elementor-shape-bottom\" data-negative=\"false\">\n\t\t\t<svg xmlns=\"http:\/\/www.w3.org\/2000\/svg\" viewBox=\"0 0 1000 100\" preserveAspectRatio=\"none\">\n\t<path class=\"elementor-shape-fill\" opacity=\"0.33\" d=\"M473,67.3c-203.9,88.3-263.1-34-320.3,0C66,119.1,0,59.7,0,59.7V0h1000v59.7 c0,0-62.1,26.1-94.9,29.3c-32.8,3.3-62.8-12.3-75.8-22.1C806,49.6,745.3,8.7,694.9,4.7S492.4,59,473,67.3z\"\/>\n\t<path class=\"elementor-shape-fill\" opacity=\"0.66\" d=\"M734,67.3c-45.5,0-77.2-23.2-129.1-39.1c-28.6-8.7-150.3-10.1-254,39.1 s-91.7-34.4-149.2,0C115.7,118.3,0,39.8,0,39.8V0h1000v36.5c0,0-28.2-18.5-92.1-18.5C810.2,18.1,775.7,67.3,734,67.3z\"\/>\n\t<path class=\"elementor-shape-fill\" d=\"M766.1,28.9c-200-57.5-266,65.5-395.1,19.5C242,1.8,242,5.4,184.8,20.6C128,35.8,132.3,44.9,89.9,52.5C28.6,63.7,0,0,0,0 h1000c0,0-9.9,40.9-83.6,48.1S829.6,47,766.1,28.9z\"\/>\n<\/svg>\t\t<\/div>\n\t\t\t\t\t<div class=\"elementor-container elementor-column-gap-default\">\n\t\t\t\t\t<div class=\"elementor-column elementor-col-100 elementor-top-column elementor-element elementor-element-1612c42\" data-id=\"1612c42\" data-element_type=\"column\">\n\t\t\t<div class=\"elementor-widget-wrap elementor-element-populated\">\n\t\t\t\t\t\t<div class=\"elementor-element elementor-element-9de5ccb elementor-widget elementor-widget-heading\" data-id=\"9de5ccb\" data-element_type=\"widget\" data-widget_type=\"heading.default\">\n\t\t\t\t<div class=\"elementor-widget-container\">\n\t\t\t<h1 class=\"elementor-heading-title elementor-size-default\">Distributeur de serviettes f\u00e9minines<\/h1>\t\t<\/div>\n\t\t\t\t<\/div>\n\t\t\t\t<div class=\"elementor-element elementor-element-cc98448 elementor-widget elementor-widget-text-editor\" data-id=\"cc98448\" data-element_type=\"widget\" data-widget_type=\"text-editor.default\">\n\t\t\t\t<div class=\"elementor-widget-container\">\n\t\t\t\t\t\t\t<p>Vous pouvez avoir l&rsquo;esprit tranquille gr\u00e2ce \u00e0 notre unit\u00e9 s\u00e9curis\u00e9e et verrouillable qui distribue de mani\u00e8re fiable des serviettes f\u00e9minines, r\u00e9pondant ainsi aux besoins de vos invit\u00e9s de mani\u00e8re discr\u00e8te et efficace.<\/p>\n\t\t\t\t\t\t<\/div>\n\t\t\t\t<\/div>\n\t\t\t\t\t<\/div>\n\t\t<\/div>\n\t\t\t\t\t<\/div>\n\t\t<\/section>\n\t\t\t\t<section class=\"elementor-section elementor-top-section elementor-element elementor-element-b729704 elementor-section-height-min-height elementor-section-boxed elementor-section-height-default elementor-section-items-middle\" data-id=\"b729704\" data-element_type=\"section\" data-settings=\"{&quot;background_background&quot;:&quot;classic&quot;}\">\n\t\t\t\t\t\t<div class=\"elementor-container elementor-column-gap-default\">\n\t\t\t\t\t<div class=\"elementor-column elementor-col-100 elementor-top-column elementor-element elementor-element-ebd0f4e\" data-id=\"ebd0f4e\" data-element_type=\"column\">\n\t\t\t<div class=\"elementor-widget-wrap elementor-element-populated\">\n\t\t\t\t\t\t<div class=\"elementor-element elementor-element-159bb29 elementor-view-default elementor-widget elementor-widget-icon\" data-id=\"159bb29\" data-element_type=\"widget\" data-widget_type=\"icon.default\">\n\t\t\t\t<div class=\"elementor-widget-container\">\n\t\t\t\t\t<div class=\"elementor-icon-wrapper\">\n\t\t\t<div class=\"elementor-icon\">\n\t\t\t<i aria-hidden=\"true\" class=\"fas fa-female\"><\/i>\t\t\t<\/div>\n\t\t<\/div>\n\t\t\t\t<\/div>\n\t\t\t\t<\/div>\n\t\t\t\t<div class=\"elementor-element elementor-element-ede7d82 elementor-widget elementor-widget-heading\" data-id=\"ede7d82\" data-element_type=\"widget\" data-widget_type=\"heading.default\">\n\t\t\t\t<div class=\"elementor-widget-container\">\n\t\t\t<h2 class=\"elementor-heading-title elementor-size-default\">Le produit<\/h2>\t\t<\/div>\n\t\t\t\t<\/div>\n\t\t\t\t<div class=\"elementor-element elementor-element-bff3388 elementor-widget elementor-widget-text-editor\" data-id=\"bff3388\" data-element_type=\"widget\" data-widget_type=\"text-editor.default\">\n\t\t\t\t<div class=\"elementor-widget-container\">\n\t\t\t\t\t\t\t<p>Notre distributeur de serviettes f\u00e9minines est un moyen simple et efficace de r\u00e9pondre aux besoins essentiels de vos clients en mati\u00e8re d&rsquo;hygi\u00e8ne.<br \/>\nCon\u00e7u pour \u00eatre pratique et fiable, il garantit que les serviettes f\u00e9minines sont toujours disponibles, apportant confort et tranquillit\u00e9 d&rsquo;esprit \u00e0 vos clients \u00e0 chaque fois que cela est n\u00e9cessaire. <\/p>\n\t\t\t\t\t\t<\/div>\n\t\t\t\t<\/div>\n\t\t\t\t\t<\/div>\n\t\t<\/div>\n\t\t\t\t\t<\/div>\n\t\t<\/section>\n\t\t\t\t<section class=\"elementor-section elementor-top-section elementor-element elementor-element-a354be1 elementor-section-height-min-height elementor-reverse-mobile elementor-section-boxed elementor-section-height-default elementor-section-items-middle\" data-id=\"a354be1\" data-element_type=\"section\" data-settings=\"{&quot;background_background&quot;:&quot;classic&quot;}\">\n\t\t\t\t\t\t<div class=\"elementor-container elementor-column-gap-default\">\n\t\t\t\t\t<div class=\"elementor-column elementor-col-50 elementor-top-column elementor-element elementor-element-c9bc7ef\" data-id=\"c9bc7ef\" data-element_type=\"column\">\n\t\t\t<div class=\"elementor-widget-wrap elementor-element-populated\">\n\t\t\t\t\t\t<div class=\"elementor-element elementor-element-6151333 elementor-widget elementor-widget-image\" data-id=\"6151333\" data-element_type=\"widget\" data-widget_type=\"image.default\">\n\t\t\t\t<div class=\"elementor-widget-container\">\n\t\t\t\t\t\t\t\t\t\t\t\t\t<img fetchpriority=\"high\" decoding=\"async\" width=\"834\" height=\"834\" src=\"https:\/\/biochemenvironmental.com\/wp-content\/uploads\/2021\/07\/pad-01-1.png\" class=\"attachment-large size-large wp-image-831\" alt=\"Distributeur de serviettes\" srcset=\"https:\/\/biochemenvironmental.com\/wp-content\/uploads\/2021\/07\/pad-01-1.png 834w, https:\/\/biochemenvironmental.com\/wp-content\/uploads\/2021\/07\/pad-01-1-300x300.png 300w, https:\/\/biochemenvironmental.com\/wp-content\/uploads\/2021\/07\/pad-01-1-150x150.png 150w, https:\/\/biochemenvironmental.com\/wp-content\/uploads\/2021\/07\/pad-01-1-768x768.png 768w, https:\/\/biochemenvironmental.com\/wp-content\/uploads\/2021\/07\/pad-01-1-600x600.png 600w\" sizes=\"(max-width: 834px) 100vw, 834px\" \/>\t\t\t\t\t\t\t\t\t\t\t\t\t<\/div>\n\t\t\t\t<\/div>\n\t\t\t\t\t<\/div>\n\t\t<\/div>\n\t\t\t\t<div class=\"elementor-column elementor-col-50 elementor-top-column elementor-element elementor-element-9bb0e52\" data-id=\"9bb0e52\" data-element_type=\"column\">\n\t\t\t<div class=\"elementor-widget-wrap elementor-element-populated\">\n\t\t\t\t\t\t<div class=\"elementor-element elementor-element-33baaad elementor-widget elementor-widget-heading\" data-id=\"33baaad\" data-element_type=\"widget\" data-widget_type=\"heading.default\">\n\t\t\t\t<div class=\"elementor-widget-container\">\n\t\t\t<h2 class=\"elementor-heading-title elementor-size-default\"><b>Distributeur de<\/b> serviettes<\/h2>\t\t<\/div>\n\t\t\t\t<\/div>\n\t\t\t\t<div class=\"elementor-element elementor-element-681a1b2 elementor-widget elementor-widget-text-editor\" data-id=\"681a1b2\" data-element_type=\"widget\" data-widget_type=\"text-editor.default\">\n\t\t\t\t<div class=\"elementor-widget-container\">\n\t\t\t\t\t\t\t<p>Le distributeur de serviettes est con\u00e7u pour \u00eatre facile \u00e0 utiliser, offrant un acc\u00e8s imm\u00e9diat aux produits d&rsquo;hygi\u00e8ne f\u00e9minine 24 heures sur 24.<br \/>\nCe distributeur est un \u00e9quipement indispensable pour tout \u00e9tablissement, am\u00e9liorant l&rsquo;exp\u00e9rience des clients en r\u00e9pondant aux besoins urgents avec simplicit\u00e9 et efficacit\u00e9. <\/p>\n\t\t\t\t\t\t<\/div>\n\t\t\t\t<\/div>\n\t\t\t\t<div class=\"elementor-element elementor-element-1f43c7e elementor-widget elementor-widget-text-editor\" data-id=\"1f43c7e\" data-element_type=\"widget\" data-widget_type=\"text-editor.default\">\n\t\t\t\t<div class=\"elementor-widget-container\">\n\t\t\t\t\t\t\t<ul>\n<li><span class=\"\"><span class=\"\"><strong>Options de frais personnalisables :<\/strong><\/span><span class=\"\"><br \/><\/span><span class=\"\">Adaptez les frais de distribution aux besoins de votre \u00e9tablissement.<br \/>\nQue vous choisissiez d&rsquo;offrir des produits gratuitement ou moyennant un co\u00fbt, notre distributeur offre des param\u00e8tres flexibles pour s&rsquo;adapter \u00e0 vos pr\u00e9f\u00e9rences op\u00e9rationnelles sp\u00e9cifiques. <\/span><\/span><\/li>\n<li><span class=\"\"><span class=\"\"><strong>Utilisation exclusive de produits de marque :<\/strong><\/span><span class=\"\"><br \/><\/span><span class=\"\">Notre distributeur est exclusivement approvisionn\u00e9 par des marques r\u00e9put\u00e9es et fiables telles que Tampax et Maxi, ce qui garantit que vos clients re\u00e7oivent des produits de haute qualit\u00e9.<br \/>\nCet engagement en faveur de la qualit\u00e9 contribue \u00e0 maintenir un niveau \u00e9lev\u00e9 de soins et de confiance aupr\u00e8s de vos utilisateurs. <\/span><\/span><\/li>\n<\/ul>\n\t\t\t\t\t\t<\/div>\n\t\t\t\t<\/div>\n\t\t\t\t<div class=\"elementor-element elementor-element-2896868 elementor-align-left elementor-widget elementor-widget-global elementor-global-927 elementor-global-615 elementor-widget-button\" data-id=\"2896868\" data-element_type=\"widget\" data-widget_type=\"button.default\">\n\t\t\t\t<div class=\"elementor-widget-container\">\n\t\t\t\t\t<div class=\"elementor-button-wrapper\">\n\t\t\t<a class=\"elementor-button elementor-button-link elementor-size-sm\" href=\"https:\/\/biochemenvironmental.com\/fr\/obtenir-un-devis\/\">\n\t\t\t\t\t\t<span class=\"elementor-button-content-wrapper\">\n\t\t\t\t\t\t\t\t\t<span class=\"elementor-button-text\">Commandez maintenant<\/span>\n\t\t\t\t\t<\/span>\n\t\t\t\t\t<\/a>\n\t\t<\/div>\n\t\t\t\t<\/div>\n\t\t\t\t<\/div>\n\t\t\t\t\t<\/div>\n\t\t<\/div>\n\t\t\t\t\t<\/div>\n\t\t<\/section>\n\t\t\t\t<\/div>\n\t\t","protected":false},"excerpt":{"rendered":"<p>Une solution simple et efficace pour les besoins d&rsquo;hygi\u00e8ne f\u00e9minine. Le distributeur de serviettes vous permet d&rsquo;offrir \u00e0 vos invit\u00e9s le confort de serviettes f\u00e9minines dans votre \u00e9tablissement s&rsquo;ils ont oubli\u00e9 ou \u00e9gar\u00e9 les leurs.<\/p>\n","protected":false},"author":3,"featured_media":804,"parent":0,"menu_order":0,"comment_status":"closed","ping_status":"closed","template":"elementor_header_footer","meta":{"om_disable_all_campaigns":false,"_genesis_block_theme_hide_title":false,"footnotes":""},"class_list":["post-960","page","type-page","status-publish","has-post-thumbnail","hentry","post","with-featured-image"],"aioseo_notices":[],"featured_image_src":"https:\/\/biochemenvironmental.com\/wp-content\/uploads\/2021\/07\/pexels-max-vakhtbovych-6238609-600x400.jpg","featured_image_src_square":"https:\/\/biochemenvironmental.com\/wp-content\/uploads\/2021\/07\/pexels-max-vakhtbovych-6238609-600x600.jpg","_links":{"self":[{"href":"https:\/\/biochemenvironmental.com\/fr\/wp-json\/wp\/v2\/pages\/960","targetHints":{"allow":["GET"]}}],"collection":[{"href":"https:\/\/biochemenvironmental.com\/fr\/wp-json\/wp\/v2\/pages"}],"about":[{"href":"https:\/\/biochemenvironmental.com\/fr\/wp-json\/wp\/v2\/types\/page"}],"author":[{"embeddable":true,"href":"https:\/\/biochemenvironmental.com\/fr\/wp-json\/wp\/v2\/users\/3"}],"replies":[{"embeddable":true,"href":"https:\/\/biochemenvironmental.com\/fr\/wp-json\/wp\/v2\/comments?post=960"}],"version-history":[{"count":0,"href":"https:\/\/biochemenvironmental.com\/fr\/wp-json\/wp\/v2\/pages\/960\/revisions"}],"wp:featuredmedia":[{"embeddable":true,"href":"https:\/\/biochemenvironmental.com\/fr\/wp-json\/wp\/v2\/media\/804"}],"wp:attachment":[{"href":"https:\/\/biochemenvironmental.com\/fr\/wp-json\/wp\/v2\/media?parent=960"}],"curies":[{"name":"wp","href":"https:\/\/api.w.org\/{rel}","templated":true}]}}