{"id":959,"date":"2021-06-29T14:09:14","date_gmt":"2021-06-29T18:09:14","guid":{"rendered":"https:\/\/biochemenvironmental.com\/delicatesse-de-la-benne\/"},"modified":"2024-09-06T01:52:00","modified_gmt":"2024-09-06T05:52:00","slug":"delicatesse-de-la-benne","status":"publish","type":"page","link":"https:\/\/biochemenvironmental.com\/fr\/delicatesse-de-la-benne\/","title":{"rendered":"Dumpster Delite"},"content":{"rendered":"\t\t<div data-elementor-type=\"wp-page\" data-elementor-id=\"959\" class=\"elementor elementor-959 elementor-116\" data-elementor-post-type=\"page\">\n\t\t\t\t\t\t<section class=\"elementor-section elementor-top-section elementor-element elementor-element-a868353 elementor-section-height-min-height elementor-section-boxed elementor-section-height-default elementor-section-items-middle\" data-id=\"a868353\" data-element_type=\"section\" data-settings=\"{&quot;background_background&quot;:&quot;classic&quot;,&quot;shape_divider_bottom&quot;:&quot;mountains&quot;}\">\n\t\t\t\t\t\t\t<div class=\"elementor-background-overlay\"><\/div>\n\t\t\t\t\t\t<div class=\"elementor-shape elementor-shape-bottom\" data-negative=\"false\">\n\t\t\t<svg xmlns=\"http:\/\/www.w3.org\/2000\/svg\" viewBox=\"0 0 1000 100\" preserveAspectRatio=\"none\">\n\t<path class=\"elementor-shape-fill\" opacity=\"0.33\" d=\"M473,67.3c-203.9,88.3-263.1-34-320.3,0C66,119.1,0,59.7,0,59.7V0h1000v59.7 c0,0-62.1,26.1-94.9,29.3c-32.8,3.3-62.8-12.3-75.8-22.1C806,49.6,745.3,8.7,694.9,4.7S492.4,59,473,67.3z\"\/>\n\t<path class=\"elementor-shape-fill\" opacity=\"0.66\" d=\"M734,67.3c-45.5,0-77.2-23.2-129.1-39.1c-28.6-8.7-150.3-10.1-254,39.1 s-91.7-34.4-149.2,0C115.7,118.3,0,39.8,0,39.8V0h1000v36.5c0,0-28.2-18.5-92.1-18.5C810.2,18.1,775.7,67.3,734,67.3z\"\/>\n\t<path class=\"elementor-shape-fill\" d=\"M766.1,28.9c-200-57.5-266,65.5-395.1,19.5C242,1.8,242,5.4,184.8,20.6C128,35.8,132.3,44.9,89.9,52.5C28.6,63.7,0,0,0,0 h1000c0,0-9.9,40.9-83.6,48.1S829.6,47,766.1,28.9z\"\/>\n<\/svg>\t\t<\/div>\n\t\t\t\t\t<div class=\"elementor-container elementor-column-gap-default\">\n\t\t\t\t\t<div class=\"elementor-column elementor-col-100 elementor-top-column elementor-element elementor-element-6da7742\" data-id=\"6da7742\" data-element_type=\"column\">\n\t\t\t<div class=\"elementor-widget-wrap elementor-element-populated\">\n\t\t\t\t\t\t<div class=\"elementor-element elementor-element-eb554a5 elementor-widget elementor-widget-heading\" data-id=\"eb554a5\" data-element_type=\"widget\" data-widget_type=\"heading.default\">\n\t\t\t\t<div class=\"elementor-widget-container\">\n\t\t\t<h2 class=\"elementor-heading-title elementor-size-default\">Dumpster Delite <\/h2>\t\t<\/div>\n\t\t\t\t<\/div>\n\t\t\t\t<div class=\"elementor-element elementor-element-724417e elementor-widget elementor-widget-text-editor\" data-id=\"724417e\" data-element_type=\"widget\" data-widget_type=\"text-editor.default\">\n\t\t\t\t<div class=\"elementor-widget-container\">\n\t\t\t\t\t\t\t<p>D\u00e9couvrez le pouvoir de la fra\u00eecheur avec Dumpster Delite, l&rsquo;ultime d\u00e9sodorisant pour bennes \u00e0 ordures con\u00e7u pour garder votre poubelle et son environnement perp\u00e9tuellement frais.<\/p>\n\t\t\t\t\t\t<\/div>\n\t\t\t\t<\/div>\n\t\t\t\t\t<\/div>\n\t\t<\/div>\n\t\t\t\t\t<\/div>\n\t\t<\/section>\n\t\t\t\t<section class=\"elementor-section elementor-top-section elementor-element elementor-element-2d0fcfa elementor-section-height-min-height elementor-section-boxed elementor-section-height-default elementor-section-items-middle\" data-id=\"2d0fcfa\" data-element_type=\"section\" data-settings=\"{&quot;background_background&quot;:&quot;classic&quot;}\">\n\t\t\t\t\t\t<div class=\"elementor-container elementor-column-gap-default\">\n\t\t\t\t\t<div class=\"elementor-column elementor-col-100 elementor-top-column elementor-element elementor-element-6a4f4ee\" data-id=\"6a4f4ee\" data-element_type=\"column\">\n\t\t\t<div class=\"elementor-widget-wrap elementor-element-populated\">\n\t\t\t\t\t\t<div class=\"elementor-element elementor-element-7944907 elementor-view-default elementor-widget elementor-widget-icon\" data-id=\"7944907\" data-element_type=\"widget\" data-widget_type=\"icon.default\">\n\t\t\t\t<div class=\"elementor-widget-container\">\n\t\t\t\t\t<div class=\"elementor-icon-wrapper\">\n\t\t\t<div class=\"elementor-icon\">\n\t\t\t<i aria-hidden=\"true\" class=\"fas fa-trash\"><\/i>\t\t\t<\/div>\n\t\t<\/div>\n\t\t\t\t<\/div>\n\t\t\t\t<\/div>\n\t\t\t\t<div class=\"elementor-element elementor-element-9827311 elementor-widget elementor-widget-heading\" data-id=\"9827311\" data-element_type=\"widget\" data-widget_type=\"heading.default\">\n\t\t\t\t<div class=\"elementor-widget-container\">\n\t\t\t<h2 class=\"elementor-heading-title elementor-size-default\">Le produit<\/h2>\t\t<\/div>\n\t\t\t\t<\/div>\n\t\t\t\t<div class=\"elementor-element elementor-element-f56bdc2 elementor-widget elementor-widget-text-editor\" data-id=\"f56bdc2\" data-element_type=\"widget\" data-widget_type=\"text-editor.default\">\n\t\t\t\t<div class=\"elementor-widget-container\">\n\t\t\t\t\t\t\t<p>Dumpster Delite n&rsquo;est pas un simple suppresseur d&rsquo;odeurs <strong><a href=\"https:\/\/biochemenvironmental.com\/fr\/controle-des-odeurs\/\">suppresseur d&rsquo;odeurs<\/a><\/strong>Il s&rsquo;agit d&rsquo;une solution r\u00e9volutionnaire con\u00e7ue pour lutter contre les odeurs les plus tenaces dans les environnements les plus difficiles.<br \/>\nCe produit garantit que vos bennes restent exemptes d&rsquo;odeurs d\u00e9sagr\u00e9ables, offrant ainsi une atmosph\u00e8re plus propre et plus agr\u00e9able pour les employ\u00e9s et les visiteurs. <\/p>\n\t\t\t\t\t\t<\/div>\n\t\t\t\t<\/div>\n\t\t\t\t\t<\/div>\n\t\t<\/div>\n\t\t\t\t\t<\/div>\n\t\t<\/section>\n\t\t\t\t<section class=\"elementor-section elementor-top-section elementor-element elementor-element-7a9c078 elementor-section-height-min-height elementor-reverse-mobile elementor-section-boxed elementor-section-height-default elementor-section-items-middle\" data-id=\"7a9c078\" data-element_type=\"section\" data-settings=\"{&quot;background_background&quot;:&quot;classic&quot;}\">\n\t\t\t\t\t\t<div class=\"elementor-container elementor-column-gap-default\">\n\t\t\t\t\t<div class=\"elementor-column elementor-col-50 elementor-top-column elementor-element elementor-element-aaf0f9b\" data-id=\"aaf0f9b\" data-element_type=\"column\">\n\t\t\t<div class=\"elementor-widget-wrap elementor-element-populated\">\n\t\t\t\t\t\t<div class=\"elementor-element elementor-element-b32bb71 elementor-widget elementor-widget-image\" data-id=\"b32bb71\" data-element_type=\"widget\" data-widget_type=\"image.default\">\n\t\t\t\t<div class=\"elementor-widget-container\">\n\t\t\t\t\t\t\t\t\t\t\t\t\t<img fetchpriority=\"high\" decoding=\"async\" width=\"834\" height=\"834\" src=\"https:\/\/biochemenvironmental.com\/wp-content\/uploads\/2021\/07\/ddelight-01.png\" class=\"attachment-large size-large wp-image-871\" alt=\"Le plaisir de la benne \u00e0 ordures\" srcset=\"https:\/\/biochemenvironmental.com\/wp-content\/uploads\/2021\/07\/ddelight-01.png 834w, https:\/\/biochemenvironmental.com\/wp-content\/uploads\/2021\/07\/ddelight-01-300x300.png 300w, https:\/\/biochemenvironmental.com\/wp-content\/uploads\/2021\/07\/ddelight-01-150x150.png 150w, https:\/\/biochemenvironmental.com\/wp-content\/uploads\/2021\/07\/ddelight-01-768x768.png 768w, https:\/\/biochemenvironmental.com\/wp-content\/uploads\/2021\/07\/ddelight-01-600x600.png 600w\" sizes=\"(max-width: 834px) 100vw, 834px\" \/>\t\t\t\t\t\t\t\t\t\t\t\t\t<\/div>\n\t\t\t\t<\/div>\n\t\t\t\t\t<\/div>\n\t\t<\/div>\n\t\t\t\t<div class=\"elementor-column elementor-col-50 elementor-top-column elementor-element elementor-element-eee98ac\" data-id=\"eee98ac\" data-element_type=\"column\">\n\t\t\t<div class=\"elementor-widget-wrap elementor-element-populated\">\n\t\t\t\t\t\t<div class=\"elementor-element elementor-element-11c1b1b elementor-widget elementor-widget-heading\" data-id=\"11c1b1b\" data-element_type=\"widget\" data-widget_type=\"heading.default\">\n\t\t\t\t<div class=\"elementor-widget-container\">\n\t\t\t<h2 class=\"elementor-heading-title elementor-size-default\">D\u00e9licatesse de la <b>benne<\/b><\/h2>\t\t<\/div>\n\t\t\t\t<\/div>\n\t\t\t\t<div class=\"elementor-element elementor-element-4aede16 elementor-widget elementor-widget-text-editor\" data-id=\"4aede16\" data-element_type=\"widget\" data-widget_type=\"text-editor.default\">\n\t\t\t\t<div class=\"elementor-widget-container\">\n\t\t\t\t\t\t\t<p>Dumpster Delite est une formule hautement concentr\u00e9e qui absorbe et neutralise efficacement les odeurs, au lieu de simplement les masquer.<br \/>\nSa puissante composition agit au niveau mol\u00e9culaire pour s&rsquo;attaquer aux odeurs \u00e0 leur source, garantissant ainsi une fra\u00eecheur durable. <\/p>\n\t\t\t\t\t\t<\/div>\n\t\t\t\t<\/div>\n\t\t\t\t<div class=\"elementor-element elementor-element-e4d9277 elementor-widget elementor-widget-text-editor\" data-id=\"e4d9277\" data-element_type=\"widget\" data-widget_type=\"text-editor.default\">\n\t\t\t\t<div class=\"elementor-widget-container\">\n\t\t\t\t\t\t\t<ul>\n<li><strong>Solution concentr\u00e9e puissante<\/strong>: Absorbe et neutralise les odeurs au niveau mol\u00e9culaire, garantissant un <a href=\"https:\/\/biochemenvironmental.com\/fr\/controle-des-odeurs\/\">contr\u00f4le<\/a> efficace <a href=\"https:\/\/biochemenvironmental.com\/fr\/controle-des-odeurs\/\">des<\/a> odeurs sans se contenter de les masquer.<\/li>\n<li><strong>Application flexible<\/strong>: Facile \u00e0 utiliser sous forme concentr\u00e9e ou dilu\u00e9e, en fonction de vos besoins sp\u00e9cifiques, ce qui offre une grande souplesse d&rsquo;application.<\/li>\n<li><strong>Large utilit\u00e9<\/strong>: Parfaitement adapt\u00e9 aux environnements difficiles tels que les poubelles, les camions \u00e0 ordures, les usines d&#8217;emballage, les toilettes, les chenils, les \u00e9tables et autres, offrant une solution fiable pour une vari\u00e9t\u00e9 de besoins en mati\u00e8re de <a href=\"https:\/\/biochemenvironmental.com\/fr\/controle-des-odeurs\/\">contr\u00f4le des odeurs<\/a>.<\/li>\n<\/ul>\n\t\t\t\t\t\t<\/div>\n\t\t\t\t<\/div>\n\t\t\t\t<div class=\"elementor-element elementor-element-1aef23a elementor-align-left elementor-widget elementor-widget-global elementor-global-927 elementor-global-615 elementor-widget-button\" data-id=\"1aef23a\" data-element_type=\"widget\" data-widget_type=\"button.default\">\n\t\t\t\t<div class=\"elementor-widget-container\">\n\t\t\t\t\t<div class=\"elementor-button-wrapper\">\n\t\t\t<a class=\"elementor-button elementor-button-link elementor-size-sm\" href=\"https:\/\/biochemenvironmental.com\/fr\/obtenir-un-devis\/\">\n\t\t\t\t\t\t<span class=\"elementor-button-content-wrapper\">\n\t\t\t\t\t\t\t\t\t<span class=\"elementor-button-text\">Commandez maintenant<\/span>\n\t\t\t\t\t<\/span>\n\t\t\t\t\t<\/a>\n\t\t<\/div>\n\t\t\t\t<\/div>\n\t\t\t\t<\/div>\n\t\t\t\t\t<\/div>\n\t\t<\/div>\n\t\t\t\t\t<\/div>\n\t\t<\/section>\n\t\t\t\t<section class=\"elementor-section elementor-top-section elementor-element elementor-element-1121a2f elementor-section-boxed elementor-section-height-default elementor-section-height-default\" data-id=\"1121a2f\" data-element_type=\"section\">\n\t\t\t\t\t\t<div class=\"elementor-container elementor-column-gap-default\">\n\t\t\t\t\t<div class=\"elementor-column elementor-col-100 elementor-top-column elementor-element elementor-element-209ea95\" data-id=\"209ea95\" data-element_type=\"column\">\n\t\t\t<div class=\"elementor-widget-wrap elementor-element-populated\">\n\t\t\t\t\t\t<section class=\"elementor-section elementor-inner-section elementor-element elementor-element-8067601 elementor-section-boxed elementor-section-height-default elementor-section-height-default\" data-id=\"8067601\" data-element_type=\"section\">\n\t\t\t\t\t\t<div class=\"elementor-container elementor-column-gap-default\">\n\t\t\t\t\t<div class=\"elementor-column elementor-col-50 elementor-inner-column elementor-element elementor-element-abf6490\" data-id=\"abf6490\" data-element_type=\"column\">\n\t\t\t<div class=\"elementor-widget-wrap\">\n\t\t\t\t\t\t\t<\/div>\n\t\t<\/div>\n\t\t\t\t<div class=\"elementor-column elementor-col-50 elementor-inner-column elementor-element elementor-element-6bd68b0\" data-id=\"6bd68b0\" data-element_type=\"column\">\n\t\t\t<div class=\"elementor-widget-wrap\">\n\t\t\t\t\t\t\t<\/div>\n\t\t<\/div>\n\t\t\t\t\t<\/div>\n\t\t<\/section>\n\t\t\t\t\t<\/div>\n\t\t<\/div>\n\t\t\t\t\t<\/div>\n\t\t<\/section>\n\t\t\t\t<\/div>\n\t\t","protected":false},"excerpt":{"rendered":"<p>Le dumpster delight est un produit fantastique qui supprime les odeurs et garde votre benne \u00e0 ordures exempte de toute odeur naus\u00e9abonde.<\/p>\n","protected":false},"author":3,"featured_media":841,"parent":0,"menu_order":0,"comment_status":"closed","ping_status":"closed","template":"elementor_header_footer","meta":{"om_disable_all_campaigns":false,"_genesis_block_theme_hide_title":false,"footnotes":""},"class_list":["post-959","page","type-page","status-publish","has-post-thumbnail","hentry","post","with-featured-image"],"aioseo_notices":[],"featured_image_src":"https:\/\/biochemenvironmental.com\/wp-content\/uploads\/2021\/07\/garbage-sorted-by-different-types-recycling-600x400.jpg","featured_image_src_square":"https:\/\/biochemenvironmental.com\/wp-content\/uploads\/2021\/07\/garbage-sorted-by-different-types-recycling-600x600.jpg","_links":{"self":[{"href":"https:\/\/biochemenvironmental.com\/fr\/wp-json\/wp\/v2\/pages\/959","targetHints":{"allow":["GET"]}}],"collection":[{"href":"https:\/\/biochemenvironmental.com\/fr\/wp-json\/wp\/v2\/pages"}],"about":[{"href":"https:\/\/biochemenvironmental.com\/fr\/wp-json\/wp\/v2\/types\/page"}],"author":[{"embeddable":true,"href":"https:\/\/biochemenvironmental.com\/fr\/wp-json\/wp\/v2\/users\/3"}],"replies":[{"embeddable":true,"href":"https:\/\/biochemenvironmental.com\/fr\/wp-json\/wp\/v2\/comments?post=959"}],"version-history":[{"count":0,"href":"https:\/\/biochemenvironmental.com\/fr\/wp-json\/wp\/v2\/pages\/959\/revisions"}],"wp:featuredmedia":[{"embeddable":true,"href":"https:\/\/biochemenvironmental.com\/fr\/wp-json\/wp\/v2\/media\/841"}],"wp:attachment":[{"href":"https:\/\/biochemenvironmental.com\/fr\/wp-json\/wp\/v2\/media?parent=959"}],"curies":[{"name":"wp","href":"https:\/\/api.w.org\/{rel}","templated":true}]}}