{"id":954,"date":"2021-06-30T04:16:09","date_gmt":"2021-06-30T08:16:09","guid":{"rendered":"https:\/\/biochemenvironmental.com\/dechets-biologiques\/"},"modified":"2024-09-06T01:51:48","modified_gmt":"2024-09-06T05:51:48","slug":"dechets-biologiques","status":"publish","type":"page","link":"https:\/\/biochemenvironmental.com\/fr\/dechets-biologiques\/","title":{"rendered":"D\u00e9chets biologiques"},"content":{"rendered":"\t\t<div data-elementor-type=\"wp-page\" data-elementor-id=\"954\" class=\"elementor elementor-954 elementor-160\" data-elementor-post-type=\"page\">\n\t\t\t\t\t\t<section class=\"elementor-section elementor-top-section elementor-element elementor-element-02430ac elementor-section-height-min-height elementor-section-boxed elementor-section-height-default elementor-section-items-middle\" data-id=\"02430ac\" data-element_type=\"section\" data-settings=\"{&quot;background_background&quot;:&quot;classic&quot;,&quot;shape_divider_bottom&quot;:&quot;mountains&quot;}\">\n\t\t\t\t\t\t\t<div class=\"elementor-background-overlay\"><\/div>\n\t\t\t\t\t\t<div class=\"elementor-shape elementor-shape-bottom\" data-negative=\"false\">\n\t\t\t<svg xmlns=\"http:\/\/www.w3.org\/2000\/svg\" viewBox=\"0 0 1000 100\" preserveAspectRatio=\"none\">\n\t<path class=\"elementor-shape-fill\" opacity=\"0.33\" d=\"M473,67.3c-203.9,88.3-263.1-34-320.3,0C66,119.1,0,59.7,0,59.7V0h1000v59.7 c0,0-62.1,26.1-94.9,29.3c-32.8,3.3-62.8-12.3-75.8-22.1C806,49.6,745.3,8.7,694.9,4.7S492.4,59,473,67.3z\"\/>\n\t<path class=\"elementor-shape-fill\" opacity=\"0.66\" d=\"M734,67.3c-45.5,0-77.2-23.2-129.1-39.1c-28.6-8.7-150.3-10.1-254,39.1 s-91.7-34.4-149.2,0C115.7,118.3,0,39.8,0,39.8V0h1000v36.5c0,0-28.2-18.5-92.1-18.5C810.2,18.1,775.7,67.3,734,67.3z\"\/>\n\t<path class=\"elementor-shape-fill\" d=\"M766.1,28.9c-200-57.5-266,65.5-395.1,19.5C242,1.8,242,5.4,184.8,20.6C128,35.8,132.3,44.9,89.9,52.5C28.6,63.7,0,0,0,0 h1000c0,0-9.9,40.9-83.6,48.1S829.6,47,766.1,28.9z\"\/>\n<\/svg>\t\t<\/div>\n\t\t\t\t\t<div class=\"elementor-container elementor-column-gap-default\">\n\t\t\t\t\t<div class=\"elementor-column elementor-col-100 elementor-top-column elementor-element elementor-element-4c75ed3\" data-id=\"4c75ed3\" data-element_type=\"column\">\n\t\t\t<div class=\"elementor-widget-wrap elementor-element-populated\">\n\t\t\t\t\t\t<div class=\"elementor-element elementor-element-5e77202 elementor-widget elementor-widget-heading\" data-id=\"5e77202\" data-element_type=\"widget\" data-widget_type=\"heading.default\">\n\t\t\t\t<div class=\"elementor-widget-container\">\n\t\t\t<h1 class=\"elementor-heading-title elementor-size-default\">D\u00e9chets biologiques<\/h1>\t\t<\/div>\n\t\t\t\t<\/div>\n\t\t\t\t<div class=\"elementor-element elementor-element-1c0c3e1 elementor-widget elementor-widget-text-editor\" data-id=\"1c0c3e1\" data-element_type=\"widget\" data-widget_type=\"text-editor.default\">\n\t\t\t\t<div class=\"elementor-widget-container\">\n\t\t\t\t\t\t\t<p>Assurez l&rsquo;\u00e9limination s\u00fbre et efficace des d\u00e9chets bio dangereux de votre \u00e9tablissement gr\u00e2ce \u00e0 nos services d&rsquo;\u00e9limination professionnels. Nos techniciens certifi\u00e9s sont \u00e9quip\u00e9s pour proc\u00e9der \u00e0 l&rsquo;extraction rapide et efficace des d\u00e9chets biologiques, afin de garantir la s\u00e9curit\u00e9 et la conformit\u00e9 de votre environnement.<\/p>\n\t\t\t\t\t\t<\/div>\n\t\t\t\t<\/div>\n\t\t\t\t\t<\/div>\n\t\t<\/div>\n\t\t\t\t\t<\/div>\n\t\t<\/section>\n\t\t\t\t<section class=\"elementor-section elementor-top-section elementor-element elementor-element-cb0ebf9 elementor-section-height-min-height elementor-section-boxed elementor-section-height-default elementor-section-items-middle\" data-id=\"cb0ebf9\" data-element_type=\"section\" data-settings=\"{&quot;background_background&quot;:&quot;classic&quot;}\">\n\t\t\t\t\t\t<div class=\"elementor-container elementor-column-gap-default\">\n\t\t\t\t\t<div class=\"elementor-column elementor-col-100 elementor-top-column elementor-element elementor-element-448654f\" data-id=\"448654f\" data-element_type=\"column\">\n\t\t\t<div class=\"elementor-widget-wrap elementor-element-populated\">\n\t\t\t\t\t\t<div class=\"elementor-element elementor-element-90a89a3 elementor-view-default elementor-widget elementor-widget-icon\" data-id=\"90a89a3\" data-element_type=\"widget\" data-widget_type=\"icon.default\">\n\t\t\t\t<div class=\"elementor-widget-container\">\n\t\t\t\t\t<div class=\"elementor-icon-wrapper\">\n\t\t\t<div class=\"elementor-icon\">\n\t\t\t<i aria-hidden=\"true\" class=\"fas fa-trash\"><\/i>\t\t\t<\/div>\n\t\t<\/div>\n\t\t\t\t<\/div>\n\t\t\t\t<\/div>\n\t\t\t\t<div class=\"elementor-element elementor-element-c78f2a2 elementor-widget elementor-widget-heading\" data-id=\"c78f2a2\" data-element_type=\"widget\" data-widget_type=\"heading.default\">\n\t\t\t\t<div class=\"elementor-widget-container\">\n\t\t\t<h2 class=\"elementor-heading-title elementor-size-default\">Votre solution \u00e9cologique<\/h2>\t\t<\/div>\n\t\t\t\t<\/div>\n\t\t\t\t<div class=\"elementor-element elementor-element-65d8a86 elementor-widget elementor-widget-text-editor\" data-id=\"65d8a86\" data-element_type=\"widget\" data-widget_type=\"text-editor.default\">\n\t\t\t\t<div class=\"elementor-widget-container\">\n\t\t\t\t\t\t\t<p>Depuis 1996, Biochem Environmental Solutions fournit des solutions de gestion responsable des d\u00e9chets dans tout le pays. Nous nous engageons \u00e0 adopter des pratiques respectueuses de l&rsquo;environnement, en veillant \u00e0 ce que les d\u00e9chets de votre installation ne soient pas mis en d\u00e9charge, mais incin\u00e9r\u00e9s pour contribuer \u00e0 l&rsquo;alimentation du r\u00e9seau hydro\u00e9lectrique.<\/p>\n\t\t\t\t\t\t<\/div>\n\t\t\t\t<\/div>\n\t\t\t\t\t<\/div>\n\t\t<\/div>\n\t\t\t\t\t<\/div>\n\t\t<\/section>\n\t\t\t\t<section class=\"elementor-section elementor-top-section elementor-element elementor-element-20937e4 elementor-section-height-min-height elementor-reverse-mobile elementor-section-boxed elementor-section-height-default elementor-section-items-middle\" data-id=\"20937e4\" data-element_type=\"section\" data-settings=\"{&quot;background_background&quot;:&quot;classic&quot;}\">\n\t\t\t\t\t\t<div class=\"elementor-container elementor-column-gap-default\">\n\t\t\t\t\t<div class=\"elementor-column elementor-col-50 elementor-top-column elementor-element elementor-element-b1f0d44\" data-id=\"b1f0d44\" data-element_type=\"column\">\n\t\t\t<div class=\"elementor-widget-wrap elementor-element-populated\">\n\t\t\t\t\t\t<div class=\"elementor-element elementor-element-784aaf3 elementor-widget elementor-widget-image\" data-id=\"784aaf3\" data-element_type=\"widget\" data-widget_type=\"image.default\">\n\t\t\t\t<div class=\"elementor-widget-container\">\n\t\t\t\t\t\t\t\t\t\t\t\t\t<img fetchpriority=\"high\" decoding=\"async\" width=\"835\" height=\"834\" src=\"https:\/\/biochemenvironmental.com\/wp-content\/uploads\/2021\/07\/bio-03-1.png\" class=\"attachment-large size-large wp-image-830\" alt=\"D\u00e9chets biologiques\" srcset=\"https:\/\/biochemenvironmental.com\/wp-content\/uploads\/2021\/07\/bio-03-1.png 835w, https:\/\/biochemenvironmental.com\/wp-content\/uploads\/2021\/07\/bio-03-1-300x300.png 300w, https:\/\/biochemenvironmental.com\/wp-content\/uploads\/2021\/07\/bio-03-1-150x150.png 150w, https:\/\/biochemenvironmental.com\/wp-content\/uploads\/2021\/07\/bio-03-1-768x767.png 768w, https:\/\/biochemenvironmental.com\/wp-content\/uploads\/2021\/07\/bio-03-1-600x600.png 600w\" sizes=\"(max-width: 835px) 100vw, 835px\" \/>\t\t\t\t\t\t\t\t\t\t\t\t\t<\/div>\n\t\t\t\t<\/div>\n\t\t\t\t\t<\/div>\n\t\t<\/div>\n\t\t\t\t<div class=\"elementor-column elementor-col-50 elementor-top-column elementor-element elementor-element-d5cee12\" data-id=\"d5cee12\" data-element_type=\"column\">\n\t\t\t<div class=\"elementor-widget-wrap elementor-element-populated\">\n\t\t\t\t\t\t<div class=\"elementor-element elementor-element-540f38c elementor-widget elementor-widget-heading\" data-id=\"540f38c\" data-element_type=\"widget\" data-widget_type=\"heading.default\">\n\t\t\t\t<div class=\"elementor-widget-container\">\n\t\t\t<h2 class=\"elementor-heading-title elementor-size-default\">Les <b> avantages <\/b> <\/h2>\t\t<\/div>\n\t\t\t\t<\/div>\n\t\t\t\t<div class=\"elementor-element elementor-element-36f0710 elementor-widget-divider--view-line elementor-widget elementor-widget-divider\" data-id=\"36f0710\" data-element_type=\"widget\" data-widget_type=\"divider.default\">\n\t\t\t\t<div class=\"elementor-widget-container\">\n\t\t\t\t\t<div class=\"elementor-divider\">\n\t\t\t<span class=\"elementor-divider-separator\">\n\t\t\t\t\t\t<\/span>\n\t\t<\/div>\n\t\t\t\t<\/div>\n\t\t\t\t<\/div>\n\t\t\t\t<div class=\"elementor-element elementor-element-5d3ba61 elementor-widget elementor-widget-text-editor\" data-id=\"5d3ba61\" data-element_type=\"widget\" data-widget_type=\"text-editor.default\">\n\t\t\t\t<div class=\"elementor-widget-container\">\n\t\t\t\t\t\t\t<p>Notre service comprend des horaires de collecte r\u00e9guliers adapt\u00e9s \u00e0 vos besoins et des conteneurs inviolables qui prot\u00e8gent votre personnel et vos invit\u00e9s. Nos techniciens qualifi\u00e9s s&rsquo;occupent de tous les aspects du transport et de l&rsquo;\u00e9limination avec le plus grand soin, garantissant ainsi une \u00e9limination efficace et sans risque de tous les d\u00e9chets biologiques.<\/p>\n\t\t\t\t\t\t<\/div>\n\t\t\t\t<\/div>\n\t\t\t\t\t<\/div>\n\t\t<\/div>\n\t\t\t\t\t<\/div>\n\t\t<\/section>\n\t\t\t\t<section class=\"elementor-section elementor-top-section elementor-element elementor-element-57b5e32f elementor-section-height-min-height elementor-section-boxed elementor-section-height-default elementor-section-items-middle\" data-id=\"57b5e32f\" data-element_type=\"section\" data-settings=\"{&quot;background_background&quot;:&quot;classic&quot;}\">\n\t\t\t\t\t\t\t<div class=\"elementor-background-overlay\"><\/div>\n\t\t\t\t\t\t\t<div class=\"elementor-container elementor-column-gap-default\">\n\t\t\t\t\t<div class=\"elementor-column elementor-col-100 elementor-top-column elementor-element elementor-element-5789b0dc\" data-id=\"5789b0dc\" data-element_type=\"column\">\n\t\t\t<div class=\"elementor-widget-wrap elementor-element-populated\">\n\t\t\t\t\t\t<div class=\"elementor-element elementor-element-275d2c62 elementor-widget elementor-widget-heading\" data-id=\"275d2c62\" data-element_type=\"widget\" data-widget_type=\"heading.default\">\n\t\t\t\t<div class=\"elementor-widget-container\">\n\t\t\t<h3 class=\"elementor-heading-title elementor-size-default\">Satisfaction garantie<\/h3>\t\t<\/div>\n\t\t\t\t<\/div>\n\t\t\t\t<div class=\"elementor-element elementor-element-4153945a elementor-widget elementor-widget-text-editor\" data-id=\"4153945a\" data-element_type=\"widget\" data-widget_type=\"text-editor.default\">\n\t\t\t\t<div class=\"elementor-widget-container\">\n\t\t\t\t\t\t\t<p>Chez Biochem, votre satisfaction est notre plus grande priorit\u00e9. Faites-nous confiance pour vous fournir des services d&rsquo;\u00e9limination des d\u00e9chets biologiques fiables et complets qui r\u00e9pondent \u00e0 vos besoins et d\u00e9passent vos attentes.<\/p>\n\t\t\t\t\t\t<\/div>\n\t\t\t\t<\/div>\n\t\t\t\t<div class=\"elementor-element elementor-element-1813bd6c elementor-align-center elementor-widget elementor-widget-button\" data-id=\"1813bd6c\" data-element_type=\"widget\" data-widget_type=\"button.default\">\n\t\t\t\t<div class=\"elementor-widget-container\">\n\t\t\t\t\t<div class=\"elementor-button-wrapper\">\n\t\t\t<a class=\"elementor-button elementor-button-link elementor-size-sm\" href=\"https:\/\/biochemenvironmental.com\/fr\/obtenir-un-devis\/\">\n\t\t\t\t\t\t<span class=\"elementor-button-content-wrapper\">\n\t\t\t\t\t\t\t\t\t<span class=\"elementor-button-text\">Obtenir un devis<\/span>\n\t\t\t\t\t<\/span>\n\t\t\t\t\t<\/a>\n\t\t<\/div>\n\t\t\t\t<\/div>\n\t\t\t\t<\/div>\n\t\t\t\t\t<\/div>\n\t\t<\/div>\n\t\t\t\t\t<\/div>\n\t\t<\/section>\n\t\t\t\t<\/div>\n\t\t","protected":false},"excerpt":{"rendered":"<p>Notre service de collecte des d\u00e9chets biologiques dangereux prend en charge en toute s\u00e9curit\u00e9 et efficacement les d\u00e9chets nuisibles de votre site. Nos techniciens certifi\u00e9s veilleront \u00e0 l&rsquo;extraction rapide et professionnelle des d\u00e9chets biologiques.<\/p>\n","protected":false},"author":3,"featured_media":820,"parent":0,"menu_order":0,"comment_status":"closed","ping_status":"closed","template":"elementor_header_footer","meta":{"om_disable_all_campaigns":false,"_genesis_block_theme_hide_title":false,"footnotes":""},"class_list":["post-954","page","type-page","status-publish","has-post-thumbnail","hentry","post","with-featured-image"],"aioseo_notices":[],"featured_image_src":"https:\/\/biochemenvironmental.com\/wp-content\/uploads\/2021\/07\/rain-water-green-leaf-macro-600x400.jpg","featured_image_src_square":"https:\/\/biochemenvironmental.com\/wp-content\/uploads\/2021\/07\/rain-water-green-leaf-macro-600x600.jpg","_links":{"self":[{"href":"https:\/\/biochemenvironmental.com\/fr\/wp-json\/wp\/v2\/pages\/954","targetHints":{"allow":["GET"]}}],"collection":[{"href":"https:\/\/biochemenvironmental.com\/fr\/wp-json\/wp\/v2\/pages"}],"about":[{"href":"https:\/\/biochemenvironmental.com\/fr\/wp-json\/wp\/v2\/types\/page"}],"author":[{"embeddable":true,"href":"https:\/\/biochemenvironmental.com\/fr\/wp-json\/wp\/v2\/users\/3"}],"replies":[{"embeddable":true,"href":"https:\/\/biochemenvironmental.com\/fr\/wp-json\/wp\/v2\/comments?post=954"}],"version-history":[{"count":0,"href":"https:\/\/biochemenvironmental.com\/fr\/wp-json\/wp\/v2\/pages\/954\/revisions"}],"wp:featuredmedia":[{"embeddable":true,"href":"https:\/\/biochemenvironmental.com\/fr\/wp-json\/wp\/v2\/media\/820"}],"wp:attachment":[{"href":"https:\/\/biochemenvironmental.com\/fr\/wp-json\/wp\/v2\/media?parent=954"}],"curies":[{"name":"wp","href":"https:\/\/api.w.org\/{rel}","templated":true}]}}