{"id":951,"date":"2021-06-02T13:40:50","date_gmt":"2021-06-02T17:40:50","guid":{"rendered":"https:\/\/biochemenvironmental.com\/a-propos-de\/"},"modified":"2024-10-03T12:58:22","modified_gmt":"2024-10-03T16:58:22","slug":"a-propos-de","status":"publish","type":"page","link":"https:\/\/biochemenvironmental.com\/fr\/a-propos-de\/","title":{"rendered":"A propos de"},"content":{"rendered":"\t\t<div data-elementor-type=\"wp-page\" data-elementor-id=\"951\" class=\"elementor elementor-951 elementor-8\" data-elementor-post-type=\"page\">\n\t\t\t\t\t\t<section class=\"elementor-section elementor-top-section elementor-element elementor-element-8dd8cd4 elementor-section-height-min-height elementor-section-boxed elementor-section-height-default elementor-section-items-middle\" data-id=\"8dd8cd4\" data-element_type=\"section\" data-settings=\"{&quot;background_background&quot;:&quot;classic&quot;,&quot;shape_divider_bottom&quot;:&quot;mountains&quot;}\">\n\t\t\t\t\t\t\t<div class=\"elementor-background-overlay\"><\/div>\n\t\t\t\t\t\t<div class=\"elementor-shape elementor-shape-bottom\" data-negative=\"false\">\n\t\t\t<svg xmlns=\"http:\/\/www.w3.org\/2000\/svg\" viewBox=\"0 0 1000 100\" preserveAspectRatio=\"none\">\n\t<path class=\"elementor-shape-fill\" opacity=\"0.33\" d=\"M473,67.3c-203.9,88.3-263.1-34-320.3,0C66,119.1,0,59.7,0,59.7V0h1000v59.7 c0,0-62.1,26.1-94.9,29.3c-32.8,3.3-62.8-12.3-75.8-22.1C806,49.6,745.3,8.7,694.9,4.7S492.4,59,473,67.3z\"\/>\n\t<path class=\"elementor-shape-fill\" opacity=\"0.66\" d=\"M734,67.3c-45.5,0-77.2-23.2-129.1-39.1c-28.6-8.7-150.3-10.1-254,39.1 s-91.7-34.4-149.2,0C115.7,118.3,0,39.8,0,39.8V0h1000v36.5c0,0-28.2-18.5-92.1-18.5C810.2,18.1,775.7,67.3,734,67.3z\"\/>\n\t<path class=\"elementor-shape-fill\" d=\"M766.1,28.9c-200-57.5-266,65.5-395.1,19.5C242,1.8,242,5.4,184.8,20.6C128,35.8,132.3,44.9,89.9,52.5C28.6,63.7,0,0,0,0 h1000c0,0-9.9,40.9-83.6,48.1S829.6,47,766.1,28.9z\"\/>\n<\/svg>\t\t<\/div>\n\t\t\t\t\t<div class=\"elementor-container elementor-column-gap-default\">\n\t\t\t\t\t<div class=\"elementor-column elementor-col-100 elementor-top-column elementor-element elementor-element-d8f7d97\" data-id=\"d8f7d97\" data-element_type=\"column\">\n\t\t\t<div class=\"elementor-widget-wrap elementor-element-populated\">\n\t\t\t\t\t\t<div class=\"elementor-element elementor-element-962dad8 elementor-widget elementor-widget-heading\" data-id=\"962dad8\" data-element_type=\"widget\" data-widget_type=\"heading.default\">\n\t\t\t\t<div class=\"elementor-widget-container\">\n\t\t\t<h2 class=\"elementor-heading-title elementor-size-default\">\u00c0 propos de biochem<\/h2>\t\t<\/div>\n\t\t\t\t<\/div>\n\t\t\t\t<div class=\"elementor-element elementor-element-0e11395 elementor-widget elementor-widget-text-editor\" data-id=\"0e11395\" data-element_type=\"widget\" data-widget_type=\"text-editor.default\">\n\t\t\t\t<div class=\"elementor-widget-container\">\n\t\t\t\t\t\t\t<p><span style=\"font-weight: 400;\">Des d\u00e9buts modestes au plus grand fournisseur canadien de produits et de services d&rsquo;hygi\u00e8ne sanitaire. Nous sommes l\u00e0 pour aider nos clients avec leurs besoins en gestion de site, que ce soit en p\u00e9riode favorable ou difficile.<\/span><span style=\"font-weight: 400;\"> <\/span><\/p>\n\t\t\t\t\t\t<\/div>\n\t\t\t\t<\/div>\n\t\t\t\t\t<\/div>\n\t\t<\/div>\n\t\t\t\t\t<\/div>\n\t\t<\/section>\n\t\t\t\t<section class=\"elementor-section elementor-top-section elementor-element elementor-element-af9daed elementor-section-height-min-height elementor-section-boxed elementor-section-height-default elementor-section-items-middle\" data-id=\"af9daed\" data-element_type=\"section\" data-settings=\"{&quot;background_background&quot;:&quot;classic&quot;}\">\n\t\t\t\t\t\t<div class=\"elementor-container elementor-column-gap-default\">\n\t\t\t\t\t<div class=\"elementor-column elementor-col-50 elementor-top-column elementor-element elementor-element-78a6ed2\" data-id=\"78a6ed2\" data-element_type=\"column\">\n\t\t\t<div class=\"elementor-widget-wrap elementor-element-populated\">\n\t\t\t\t\t\t<div class=\"elementor-element elementor-element-2eb39ab elementor-widget elementor-widget-image\" data-id=\"2eb39ab\" data-element_type=\"widget\" data-widget_type=\"image.default\">\n\t\t\t\t<div class=\"elementor-widget-container\">\n\t\t\t\t\t\t\t\t\t\t\t\t\t<img fetchpriority=\"high\" decoding=\"async\" width=\"2560\" height=\"1157\" src=\"https:\/\/biochemenvironmental.com\/wp-content\/uploads\/2021\/07\/Biochem-Standard-Logo-Pantone-25-Year-Anniversary-Logo-scaled.jpg\" class=\"attachment-full size-full wp-image-840\" alt=\"Logo biochimie\" srcset=\"https:\/\/biochemenvironmental.com\/wp-content\/uploads\/2021\/07\/Biochem-Standard-Logo-Pantone-25-Year-Anniversary-Logo-scaled.jpg 2560w, https:\/\/biochemenvironmental.com\/wp-content\/uploads\/2021\/07\/Biochem-Standard-Logo-Pantone-25-Year-Anniversary-Logo-300x136.jpg 300w, https:\/\/biochemenvironmental.com\/wp-content\/uploads\/2021\/07\/Biochem-Standard-Logo-Pantone-25-Year-Anniversary-Logo-1024x463.jpg 1024w, https:\/\/biochemenvironmental.com\/wp-content\/uploads\/2021\/07\/Biochem-Standard-Logo-Pantone-25-Year-Anniversary-Logo-768x347.jpg 768w, https:\/\/biochemenvironmental.com\/wp-content\/uploads\/2021\/07\/Biochem-Standard-Logo-Pantone-25-Year-Anniversary-Logo-1536x694.jpg 1536w, https:\/\/biochemenvironmental.com\/wp-content\/uploads\/2021\/07\/Biochem-Standard-Logo-Pantone-25-Year-Anniversary-Logo-2048x925.jpg 2048w, https:\/\/biochemenvironmental.com\/wp-content\/uploads\/2021\/07\/Biochem-Standard-Logo-Pantone-25-Year-Anniversary-Logo-1200x542.jpg 1200w, https:\/\/biochemenvironmental.com\/wp-content\/uploads\/2021\/07\/Biochem-Standard-Logo-Pantone-25-Year-Anniversary-Logo-1400x633.jpg 1400w\" sizes=\"(max-width: 2560px) 100vw, 2560px\" \/>\t\t\t\t\t\t\t\t\t\t\t\t\t<\/div>\n\t\t\t\t<\/div>\n\t\t\t\t<div class=\"elementor-element elementor-element-d070b95 elementor-widget elementor-widget-heading\" data-id=\"d070b95\" data-element_type=\"widget\" data-widget_type=\"heading.default\">\n\t\t\t\t<div class=\"elementor-widget-container\">\n\t\t\t<h2 class=\"elementor-heading-title elementor-size-default\">Notre <b>Histoire<\/b><\/h2>\t\t<\/div>\n\t\t\t\t<\/div>\n\t\t\t\t<div class=\"elementor-element elementor-element-8209cbf elementor-widget elementor-widget-text-editor\" data-id=\"8209cbf\" data-element_type=\"widget\" data-widget_type=\"text-editor.default\">\n\t\t\t\t<div class=\"elementor-widget-container\">\n\t\t\t\t\t\t\t<p>Fond\u00e9e en 1996, Biochem est d\u00e9sormais le plus important fournisseur canadien de produits et services d&rsquo;hygi\u00e8ne. <br \/>En tant qu&rsquo;entreprise certifi\u00e9e ISO 14001, nous avons toujours \u00e9t\u00e9 engag\u00e9s envers la qualit\u00e9, le service et la durabilit\u00e9 environnementale. Ces id\u00e9aux sont le fondement d\u2019une entreprise int\u00e8gre et responsable, qui nous distingue de nos concurrents.<\/p>\n<p>Nous avons \u00e9t\u00e9 reconnus comme un leader de l&rsquo;industrie en mettant sur le march\u00e9 des produits brevet\u00e9s innovants et \u00e9cologiques sur <br \/>depuis plus de deux d\u00e9cennies. Notre personnel hautement qualifi\u00e9 et notre \u00e9quipe d&rsquo;intervention en moins de 24 heures garantissent un service client exceptionnel. Notre capacite de fabrication en interne permet \u00e0 notre service R&amp;D de cr\u00e9er des solutions sur mesure pour r\u00e9pondre \u00e0 tous les besoins de nos clients.<\/p>\n\t\t\t\t\t\t<\/div>\n\t\t\t\t<\/div>\n\t\t\t\t\t<\/div>\n\t\t<\/div>\n\t\t\t\t<div class=\"elementor-column elementor-col-50 elementor-top-column elementor-element elementor-element-1b898f3\" data-id=\"1b898f3\" data-element_type=\"column\">\n\t\t\t<div class=\"elementor-widget-wrap elementor-element-populated\">\n\t\t\t\t\t\t<div class=\"elementor-element elementor-element-f2be228 elementor-widget elementor-widget-image\" data-id=\"f2be228\" data-element_type=\"widget\" data-widget_type=\"image.default\">\n\t\t\t\t<div class=\"elementor-widget-container\">\n\t\t\t\t\t\t\t\t\t\t\t\t\t<img decoding=\"async\" width=\"1024\" height=\"1024\" src=\"https:\/\/biochemenvironmental.com\/wp-content\/uploads\/2021\/09\/AboutUs-03-1024x1024.png\" class=\"attachment-large size-large wp-image-897\" alt=\"\u00c0 propos de biochem\" srcset=\"https:\/\/biochemenvironmental.com\/wp-content\/uploads\/2021\/09\/AboutUs-03-1024x1024.png 1024w, https:\/\/biochemenvironmental.com\/wp-content\/uploads\/2021\/09\/AboutUs-03-300x300.png 300w, https:\/\/biochemenvironmental.com\/wp-content\/uploads\/2021\/09\/AboutUs-03-150x150.png 150w, https:\/\/biochemenvironmental.com\/wp-content\/uploads\/2021\/09\/AboutUs-03-768x768.png 768w, https:\/\/biochemenvironmental.com\/wp-content\/uploads\/2021\/09\/AboutUs-03-1536x1536.png 1536w, https:\/\/biochemenvironmental.com\/wp-content\/uploads\/2021\/09\/AboutUs-03-600x600.png 600w, https:\/\/biochemenvironmental.com\/wp-content\/uploads\/2021\/09\/AboutUs-03-1200x1199.png 1200w, https:\/\/biochemenvironmental.com\/wp-content\/uploads\/2021\/09\/AboutUs-03-1400x1399.png 1400w, https:\/\/biochemenvironmental.com\/wp-content\/uploads\/2021\/09\/AboutUs-03.png 1668w\" sizes=\"(max-width: 1024px) 100vw, 1024px\" \/>\t\t\t\t\t\t\t\t\t\t\t\t\t<\/div>\n\t\t\t\t<\/div>\n\t\t\t\t\t<\/div>\n\t\t<\/div>\n\t\t\t\t\t<\/div>\n\t\t<\/section>\n\t\t\t\t<section class=\"elementor-section elementor-top-section elementor-element elementor-element-522eeba elementor-section-height-min-height elementor-reverse-mobile elementor-section-boxed elementor-section-height-default elementor-section-items-middle\" data-id=\"522eeba\" data-element_type=\"section\" data-settings=\"{&quot;background_background&quot;:&quot;classic&quot;}\">\n\t\t\t\t\t\t<div class=\"elementor-container elementor-column-gap-default\">\n\t\t\t\t\t<div class=\"elementor-column elementor-col-50 elementor-top-column elementor-element elementor-element-b3670dc\" data-id=\"b3670dc\" data-element_type=\"column\">\n\t\t\t<div class=\"elementor-widget-wrap elementor-element-populated\">\n\t\t\t\t\t\t<div class=\"elementor-element elementor-element-b05f5ea elementor-widget elementor-widget-image\" data-id=\"b05f5ea\" data-element_type=\"widget\" data-widget_type=\"image.default\">\n\t\t\t\t<div class=\"elementor-widget-container\">\n\t\t\t\t\t\t\t\t\t\t\t\t\t<img decoding=\"async\" width=\"701\" height=\"701\" src=\"https:\/\/biochemenvironmental.com\/wp-content\/uploads\/2021\/06\/Biochem-Website-Assets-06.png\" class=\"attachment-large size-large wp-image-771\" alt=\"Politique environnementale\" srcset=\"https:\/\/biochemenvironmental.com\/wp-content\/uploads\/2021\/06\/Biochem-Website-Assets-06.png 701w, https:\/\/biochemenvironmental.com\/wp-content\/uploads\/2021\/06\/Biochem-Website-Assets-06-300x300.png 300w, https:\/\/biochemenvironmental.com\/wp-content\/uploads\/2021\/06\/Biochem-Website-Assets-06-150x150.png 150w, https:\/\/biochemenvironmental.com\/wp-content\/uploads\/2021\/06\/Biochem-Website-Assets-06-600x600.png 600w\" sizes=\"(max-width: 701px) 100vw, 701px\" \/>\t\t\t\t\t\t\t\t\t\t\t\t\t<\/div>\n\t\t\t\t<\/div>\n\t\t\t\t\t<\/div>\n\t\t<\/div>\n\t\t\t\t<div class=\"elementor-column elementor-col-50 elementor-top-column elementor-element elementor-element-a5dc594\" data-id=\"a5dc594\" data-element_type=\"column\">\n\t\t\t<div class=\"elementor-widget-wrap elementor-element-populated\">\n\t\t\t\t\t\t<div class=\"elementor-element elementor-element-09d0843 elementor-widget elementor-widget-heading\" data-id=\"09d0843\" data-element_type=\"widget\" data-widget_type=\"heading.default\">\n\t\t\t\t<div class=\"elementor-widget-container\">\n\t\t\t<h2 class=\"elementor-heading-title elementor-size-default\"><b>Politique<\/b> environnementale<\/h2>\t\t<\/div>\n\t\t\t\t<\/div>\n\t\t\t\t<div class=\"elementor-element elementor-element-2d47850 elementor-widget elementor-widget-text-editor\" data-id=\"2d47850\" data-element_type=\"widget\" data-widget_type=\"text-editor.default\">\n\t\t\t\t<div class=\"elementor-widget-container\">\n\t\t\t\t\t\t\t<p><span lang=\"EN-US\" style=\"font-family: 'Calibri',sans-serif; mso-bidi-font-family: 'Times New Roman';\">Biochem s&rsquo;engage \u00e0 respecter toutes les lois et r\u00e9glementations actuelles, ainsi que les r\u00e8gles \u00e9tablies par le minist\u00e8re de l&rsquo;Environnement. Cela inclut la manipulation et le transport des d\u00e9chets. Dans la mesure du possible, nous nous effor\u00e7ons de d\u00e9passer les exigences actuelles en mati\u00e8re de protection de l&rsquo;environnement r\u00e9sultant de l&rsquo;impact de notre propre activit\u00e9.<\/span><\/p>\n<p><span lang=\"EN-US\" style=\"font-family: 'Calibri',sans-serif; mso-bidi-font-family: 'Times New Roman';\">Nous fabriquons des produits en utilisant les mati\u00e8res premi\u00e8res les plus s\u00fbres pour fournir des produits qui minimisent la pollution dans l&rsquo;environnement. Nous avons des obligations de conformit\u00e9 agressives dans le cadre de notre Syst\u00e8me de Gestion Environnementale et nous nous engageons \u00e0 les respecter et \u00e0 les d\u00e9passer. Nous mettons l&rsquo;accent sur l&rsquo;am\u00e9lioration continue et veillons \u00e0 \u00e9viter la complaisance.<\/span><\/p>\n<p><span lang=\"EN-US\" style=\"font-family: 'Calibri',sans-serif; mso-bidi-font-family: 'Times New Roman';\">Biochem minimise la quantit\u00e9 de d\u00e9chets g\u00e9n\u00e9r\u00e9e par l&rsquo;exploitation des services des installations. Nous utilisons les meilleurs produits disponibles \u00e0 cet \u00e9gard. Lorsque nous ne sommes pas satisfaits des produits disponibles, nous en d\u00e9veloppons nous-m\u00eames. En tant que fabricant national, nous visons \u00e0 maintenir des lignes d&rsquo;approvisionnement courtes et non entrav\u00e9es.<br \/><\/span><span lang=\"EN-US\" style=\"font-family: 'Calibri',sans-serif; mso-bidi-font-family: 'Times New Roman';\"> <\/span><\/p>\n<p><span lang=\"EN-US\" style=\"font-family: 'Calibri',sans-serif; mso-bidi-font-family: 'Times New Roman';\">Nous travaillons assid\u00fbment pour int\u00e9grer toute forme possible de solutions \u00e9cologiques. De la machinerie et de l&rsquo;\u00e9quipement que nous acqu\u00e9rons, \u00e0 l&#8217;empreinte carbone que nous laissons lors du processus de fabrication. Tout est fait en gardant \u00e0 l&rsquo;esprit la r\u00e9duction de l&rsquo;impact laiss\u00e9 derri\u00e8re nous.<br \/><\/span><span lang=\"EN-US\" style=\"font-family: 'Calibri',sans-serif; mso-bidi-font-family: 'Times New Roman';\"> <br \/><\/span><span lang=\"EN-US\" style=\"font-family: 'Calibri',sans-serif; mso-bidi-font-family: 'Times New Roman';\">Avec des circonstances changeantes sur la sc\u00e8ne mondiale, nous restons agiles et sommes pr\u00eats \u00e0 pivoter dans la direction n\u00e9cessaire au besoin. Notre chaine de fabrication permet le d\u00e9veloppement et la production de produits d&rsquo;hygi\u00e8ne innovants.<br \/><\/span><span lang=\"EN-US\" style=\"font-family: 'Calibri',sans-serif; mso-bidi-font-family: 'Times New Roman';\"> <br \/><\/span><span lang=\"EN-US\" style=\"font-family: 'Calibri',sans-serif; mso-bidi-font-family: 'Times New Roman';\">Notre orientation strat\u00e9gique englobe une recherche constante d&rsquo;op\u00e9rations \u00e9cologiquement durables et la production de biens essentiels n\u00e9cessaires sur notre propre sol. Cet engagement d\u00e9finit notre identit\u00e9.<\/span><\/p>\n\t\t\t\t\t\t<\/div>\n\t\t\t\t<\/div>\n\t\t\t\t\t<\/div>\n\t\t<\/div>\n\t\t\t\t\t<\/div>\n\t\t<\/section>\n\t\t\t\t<\/div>\n\t\t","protected":false},"excerpt":{"rendered":"<p>Des d\u00e9buts modestes au plus grand fournisseur canadien de produits et de services d&rsquo;hygi\u00e8ne sanitaire. Nous sommes l\u00e0 pour aider nos partenaires \u00e0 r\u00e9pondre \u00e0 leurs besoins en mati\u00e8re de gestion des installations, dans les bons comme dans les mauvais moments.<\/p>\n","protected":false},"author":1,"featured_media":787,"parent":0,"menu_order":0,"comment_status":"closed","ping_status":"closed","template":"elementor_header_footer","meta":{"om_disable_all_campaigns":false,"_genesis_block_theme_hide_title":false,"footnotes":""},"class_list":["post-951","page","type-page","status-publish","has-post-thumbnail","hentry","post","with-featured-image"],"aioseo_notices":[],"featured_image_src":"https:\/\/biochemenvironmental.com\/wp-content\/uploads\/2021\/06\/pexels-gustavo-cruz-1592119-600x400.jpg","featured_image_src_square":"https:\/\/biochemenvironmental.com\/wp-content\/uploads\/2021\/06\/pexels-gustavo-cruz-1592119-600x600.jpg","_links":{"self":[{"href":"https:\/\/biochemenvironmental.com\/fr\/wp-json\/wp\/v2\/pages\/951","targetHints":{"allow":["GET"]}}],"collection":[{"href":"https:\/\/biochemenvironmental.com\/fr\/wp-json\/wp\/v2\/pages"}],"about":[{"href":"https:\/\/biochemenvironmental.com\/fr\/wp-json\/wp\/v2\/types\/page"}],"author":[{"embeddable":true,"href":"https:\/\/biochemenvironmental.com\/fr\/wp-json\/wp\/v2\/users\/1"}],"replies":[{"embeddable":true,"href":"https:\/\/biochemenvironmental.com\/fr\/wp-json\/wp\/v2\/comments?post=951"}],"version-history":[{"count":0,"href":"https:\/\/biochemenvironmental.com\/fr\/wp-json\/wp\/v2\/pages\/951\/revisions"}],"wp:featuredmedia":[{"embeddable":true,"href":"https:\/\/biochemenvironmental.com\/fr\/wp-json\/wp\/v2\/media\/787"}],"wp:attachment":[{"href":"https:\/\/biochemenvironmental.com\/fr\/wp-json\/wp\/v2\/media?parent=951"}],"curies":[{"name":"wp","href":"https:\/\/api.w.org\/{rel}","templated":true}]}}