{"id":932,"date":"2023-09-12T20:17:49","date_gmt":"2023-09-13T00:17:49","guid":{"rendered":"https:\/\/biochemenvironmental.com\/declaration-daccessibilite-du-web\/"},"modified":"2024-05-14T15:18:36","modified_gmt":"2024-05-14T19:18:36","slug":"declaration-daccessibilite-du-web","status":"publish","type":"page","link":"https:\/\/biochemenvironmental.com\/fr\/declaration-daccessibilite-du-web\/","title":{"rendered":"D\u00e9claration d&rsquo;accessibilit\u00e9 du web"},"content":{"rendered":"\t\t<div data-elementor-type=\"wp-page\" data-elementor-id=\"932\" class=\"elementor elementor-932 elementor-738\" data-elementor-post-type=\"page\">\n\t\t\t\t\t\t<section class=\"elementor-section elementor-top-section elementor-element elementor-element-8dd8cd4 elementor-section-height-min-height elementor-section-boxed elementor-section-height-default elementor-section-items-middle\" data-id=\"8dd8cd4\" data-element_type=\"section\" data-settings=\"{&quot;background_background&quot;:&quot;classic&quot;,&quot;shape_divider_bottom&quot;:&quot;mountains&quot;}\">\n\t\t\t\t\t\t\t<div class=\"elementor-background-overlay\"><\/div>\n\t\t\t\t\t\t<div class=\"elementor-shape elementor-shape-bottom\" data-negative=\"false\">\n\t\t\t<svg xmlns=\"http:\/\/www.w3.org\/2000\/svg\" viewBox=\"0 0 1000 100\" preserveAspectRatio=\"none\">\n\t<path class=\"elementor-shape-fill\" opacity=\"0.33\" d=\"M473,67.3c-203.9,88.3-263.1-34-320.3,0C66,119.1,0,59.7,0,59.7V0h1000v59.7 c0,0-62.1,26.1-94.9,29.3c-32.8,3.3-62.8-12.3-75.8-22.1C806,49.6,745.3,8.7,694.9,4.7S492.4,59,473,67.3z\"\/>\n\t<path class=\"elementor-shape-fill\" opacity=\"0.66\" d=\"M734,67.3c-45.5,0-77.2-23.2-129.1-39.1c-28.6-8.7-150.3-10.1-254,39.1 s-91.7-34.4-149.2,0C115.7,118.3,0,39.8,0,39.8V0h1000v36.5c0,0-28.2-18.5-92.1-18.5C810.2,18.1,775.7,67.3,734,67.3z\"\/>\n\t<path class=\"elementor-shape-fill\" d=\"M766.1,28.9c-200-57.5-266,65.5-395.1,19.5C242,1.8,242,5.4,184.8,20.6C128,35.8,132.3,44.9,89.9,52.5C28.6,63.7,0,0,0,0 h1000c0,0-9.9,40.9-83.6,48.1S829.6,47,766.1,28.9z\"\/>\n<\/svg>\t\t<\/div>\n\t\t\t\t\t<div class=\"elementor-container elementor-column-gap-default\">\n\t\t\t\t\t<div class=\"elementor-column elementor-col-100 elementor-top-column elementor-element elementor-element-d8f7d97\" data-id=\"d8f7d97\" data-element_type=\"column\">\n\t\t\t<div class=\"elementor-widget-wrap elementor-element-populated\">\n\t\t\t\t\t\t<div class=\"elementor-element elementor-element-0e11395 elementor-widget elementor-widget-text-editor\" data-id=\"0e11395\" data-element_type=\"widget\" data-widget_type=\"text-editor.default\">\n\t\t\t\t<div class=\"elementor-widget-container\">\n\t\t\t\t\t\t\t<p>Biochem Environmental Solutions<\/p>\n\t\t\t\t\t\t<\/div>\n\t\t\t\t<\/div>\n\t\t\t\t<div class=\"elementor-element elementor-element-962dad8 elementor-widget elementor-widget-heading\" data-id=\"962dad8\" data-element_type=\"widget\" data-widget_type=\"heading.default\">\n\t\t\t\t<div class=\"elementor-widget-container\">\n\t\t\t<h2 class=\"elementor-heading-title elementor-size-default\">D\u00e9claration d'accessibilit\u00e9 <br>au site internet<\/h2>\t\t<\/div>\n\t\t\t\t<\/div>\n\t\t\t\t\t<\/div>\n\t\t<\/div>\n\t\t\t\t\t<\/div>\n\t\t<\/section>\n\t\t\t\t<section class=\"elementor-section elementor-top-section elementor-element elementor-element-af9daed elementor-section-height-min-height elementor-section-boxed elementor-section-height-default elementor-section-items-middle\" data-id=\"af9daed\" data-element_type=\"section\" data-settings=\"{&quot;background_background&quot;:&quot;classic&quot;}\">\n\t\t\t\t\t\t<div class=\"elementor-container elementor-column-gap-default\">\n\t\t\t\t\t<div class=\"elementor-column elementor-col-50 elementor-top-column elementor-element elementor-element-78a6ed2\" data-id=\"78a6ed2\" data-element_type=\"column\">\n\t\t\t<div class=\"elementor-widget-wrap elementor-element-populated\">\n\t\t\t\t\t\t<div class=\"elementor-element elementor-element-d070b95 elementor-widget elementor-widget-heading\" data-id=\"d070b95\" data-element_type=\"widget\" data-widget_type=\"heading.default\">\n\t\t\t\t<div class=\"elementor-widget-container\">\n\t\t\t<h2 class=\"elementor-heading-title elementor-size-default\"><p><b><span lang=\"EN-CA\">Politique d'accessibilit\u00e9 au site internet<\/span><\/b><span style=\"color: var( --e-global-color-secondary );font-family: Montserrat, sans-serif;font-size: 30px;font-weight: 500\"><\/span><\/p><\/h2>\t\t<\/div>\n\t\t\t\t<\/div>\n\t\t\t\t<div class=\"elementor-element elementor-element-8209cbf elementor-widget elementor-widget-text-editor\" data-id=\"8209cbf\" data-element_type=\"widget\" data-widget_type=\"text-editor.default\">\n\t\t\t\t<div class=\"elementor-widget-container\">\n\t\t\t\t\t\t\t<p>Biochem Environmental Solutions Inc. s&rsquo;engage pleinement \u00e0 assurer l&rsquo;accessibilit\u00e9 de notre site Web \u00e0 tous les utilisateurs, y compris ceux en situation de handicap. Notre objectif principal est de fournir une exp\u00e9rience en ligne inclusive qui respecte la dignit\u00e9 et l&rsquo;ind\u00e9pendance de toutes les personnes. Nous sommes d\u00e9termin\u00e9s \u00e0 respecter les lois sur l&rsquo;accessibilit\u00e9 de l&rsquo;Ontario et les principes d&rsquo;int\u00e9gration, d&rsquo;\u00e9galit\u00e9 des chances et d&rsquo;ind\u00e9pendance.<\/p>\n<p><\/p>\n<p>Notre site Web est con\u00e7u et entretenu en tenant compte de l&rsquo;accessibilit\u00e9, en suivant les principes fondamentaux \u00e9nonc\u00e9s dans notre politique. Nous veillons \u00e0 ce que les informations et les services propos\u00e9s sur notre site Web soient accessibles \u00e0 tous, ind\u00e9pendamment de leurs capacit\u00e9s ou incapacit\u00e9s. Cela inclut la fourniture de formats alternatifs pour le contenu sur demande et la garantie de la compatibilit\u00e9 de notre site Web avec les technologies d&rsquo;assistance.<\/p>\n<p><\/p>\n<p>Les retours sur l&rsquo;accessibilit\u00e9 de notre site Web sont fortement encourag\u00e9s et bienvenus. Les utilisateurs peuvent fournir des commentaires via divers canaux, et nous faisons tout notre possible pour r\u00e9pondre rapidement et traiter toute pr\u00e9occupation d&rsquo;accessibilit\u00e9. Biochem Environmental Solutions Inc. reste engag\u00e9 dans l&rsquo;am\u00e9lioration continue de l&rsquo;accessibilit\u00e9 Web, s&rsquo;effor\u00e7ant de cr\u00e9er un environnement num\u00e9rique inclusif et accessible pour tous.<\/p><p class=\"MsoNormal\"><span lang=\"EN-CA\">Pour en savoir\nplus, veuillez nous envoyer un courriel \u00e0 <a href=\"mailto:info@biochemenvironmental.com\">info@biochemenvironmental.com <\/a>\nou nous appeler au 1.888.BIO.8883.<o:p><\/o:p><\/span><\/p>\t\t\t\t\t\t<\/div>\n\t\t\t\t<\/div>\n\t\t\t\t\t<\/div>\n\t\t<\/div>\n\t\t\t\t<div class=\"elementor-column elementor-col-50 elementor-top-column elementor-element elementor-element-1b898f3\" data-id=\"1b898f3\" data-element_type=\"column\">\n\t\t\t<div class=\"elementor-widget-wrap\">\n\t\t\t\t\t\t\t<\/div>\n\t\t<\/div>\n\t\t\t\t\t<\/div>\n\t\t<\/section>\n\t\t\t\t<\/div>\n\t\t","protected":false},"excerpt":{"rendered":"<p>Des d\u00e9buts modestes au plus grand fournisseur canadien de produits et de services d&rsquo;hygi\u00e8ne sanitaire. Nous sommes l\u00e0 pour aider nos partenaires \u00e0 r\u00e9pondre \u00e0 leurs besoins en mati\u00e8re de gestion des installations, dans les bons comme dans les mauvais moments.<\/p>\n","protected":false},"author":5,"featured_media":787,"parent":0,"menu_order":0,"comment_status":"closed","ping_status":"closed","template":"elementor_header_footer","meta":{"om_disable_all_campaigns":false,"_genesis_block_theme_hide_title":false,"footnotes":""},"class_list":["post-932","page","type-page","status-publish","has-post-thumbnail","hentry","post","with-featured-image"],"aioseo_notices":[],"featured_image_src":"https:\/\/biochemenvironmental.com\/wp-content\/uploads\/2021\/06\/pexels-gustavo-cruz-1592119-600x400.jpg","featured_image_src_square":"https:\/\/biochemenvironmental.com\/wp-content\/uploads\/2021\/06\/pexels-gustavo-cruz-1592119-600x600.jpg","_links":{"self":[{"href":"https:\/\/biochemenvironmental.com\/fr\/wp-json\/wp\/v2\/pages\/932","targetHints":{"allow":["GET"]}}],"collection":[{"href":"https:\/\/biochemenvironmental.com\/fr\/wp-json\/wp\/v2\/pages"}],"about":[{"href":"https:\/\/biochemenvironmental.com\/fr\/wp-json\/wp\/v2\/types\/page"}],"author":[{"embeddable":true,"href":"https:\/\/biochemenvironmental.com\/fr\/wp-json\/wp\/v2\/users\/5"}],"replies":[{"embeddable":true,"href":"https:\/\/biochemenvironmental.com\/fr\/wp-json\/wp\/v2\/comments?post=932"}],"version-history":[{"count":0,"href":"https:\/\/biochemenvironmental.com\/fr\/wp-json\/wp\/v2\/pages\/932\/revisions"}],"wp:featuredmedia":[{"embeddable":true,"href":"https:\/\/biochemenvironmental.com\/fr\/wp-json\/wp\/v2\/media\/787"}],"wp:attachment":[{"href":"https:\/\/biochemenvironmental.com\/fr\/wp-json\/wp\/v2\/media?parent=932"}],"curies":[{"name":"wp","href":"https:\/\/api.w.org\/{rel}","templated":true}]}}